{"id":18049,"date":"2025-04-25T16:20:27","date_gmt":"2025-04-25T14:20:27","guid":{"rendered":"https:\/\/vossgass.no\/produkt\/kjoleskap-12v-nova-50-liter\/"},"modified":"2025-09-23T12:52:55","modified_gmt":"2025-09-23T10:52:55","slug":"kjoleskap-12v-nova-50-liter","status":"publish","type":"product","link":"https:\/\/vossgass.no\/en\/product\/kjoleskap-12v-nova-50-liter\/","title":{"rendered":"Kj\u00f8leskap 12V, Nova 50 liter"},"content":{"rendered":"","protected":false},"excerpt":{"rendered":"<p>Nova 12V kj\u00f8leskap er en serie kompressorkj\u00f8leskap som passer perfekt p\u00e5 hytta, i b\u00e5ten eller campingvognen. Disse 12 volt kj\u00f8leskapene holder en s\u00e6rdeles h\u00f8y kvalitet og bruker betydelig mindre str\u00f8m enn tidligere modeller av 12 volt kj\u00f8leskap.<\/p>\n<p>Kj\u00f8leskapet driftes p\u00e5 12 volt alts\u00e5 ren og 100 % gjenvinnbar solenergi.<br \/>\nKan brukes til hytte, b\u00e5t eller camping<br \/>\nHelt stilleg\u00e5ende<br \/>\nIngen avgasser eller utslipp<br \/>\nNova 50 liter er utstyrt med d\u00f8rl\u00e5s som gj\u00f8r det egnet ogs\u00e5 i b\u00e5t og caravan<br \/>\nFungerer b\u00e5de med 12 og 24 volt spenning<\/p>\n<p>Kompressorskap p\u00e5 12 volt blir raskt kaldt. Nova-serien er sv\u00e6rt energieffektive sammenliknet med andre 12 volt kj\u00f8leskap, men v\u00e6r klar over at de likevel vil dominere ditt energiforbruk. Omgivelsestemperaturen p\u00e5virker i st\u00f8rst grad energiforbruket. De standarder som gis er normalt m\u00e5lt ved ca 25 grader, ved h\u00f8yere temperaturer vil forbrukes \u00f8kes. Som generell regel kan man regne med at et normalstort kj\u00f8leskap p\u00e5 110 liter forbruker ca 370 Wt per d\u00f8gn.<\/p>\n<p>Nova 12V kj\u00f8leskap 50 liter bruker 132 Wt i gjennomsnitt per d\u00f8gn, maks str\u00f8mtrekk er 3,5 A eller i gjennomsnitt 0,5 A.<\/p>\n<p>Vi gj\u00f8r oppmerksom p\u00e5 at kj\u00f8leskapet b\u00f8r tilkobles rett p\u00e5 ditt 12 volts batteri.<br \/>\nTa hensyn til kabeltykkelse ut fra avstand mellom kj\u00f8leskap og batteri, som hovedregel b\u00f8r du regne en kvadrat kabel per meter &#8211; alts\u00e5 10 meter gir 10 kvadrat kabel.<\/p>\n<p>Kj\u00f8leskapsd\u00f8ren kan  hengsles om. Utstyrt med d\u00f8rl\u00e5s.  <\/p>\n<p>Batterikontakt f\u00f8lger ikke med og m\u00e5 kj\u00f8pes separat. <\/p>","protected":false},"featured_media":18051,"comment_status":"open","ping_status":"closed","template":"","meta":[],"product_brand":[],"product_cat":[260],"product_tag":[],"class_list":{"0":"post-18049","1":"product","2":"type-product","3":"status-publish","4":"has-post-thumbnail","6":"product_cat-hytte-camping-fritid","8":"first","9":"outofstock","10":"taxable","11":"shipping-taxable","12":"purchasable","13":"product-type-simple"},"_links":{"self":[{"href":"https:\/\/vossgass.no\/en\/wp-json\/wp\/v2\/product\/18049","targetHints":{"allow":["GET"]}}],"collection":[{"href":"https:\/\/vossgass.no\/en\/wp-json\/wp\/v2\/product"}],"about":[{"href":"https:\/\/vossgass.no\/en\/wp-json\/wp\/v2\/types\/product"}],"replies":[{"embeddable":true,"href":"https:\/\/vossgass.no\/en\/wp-json\/wp\/v2\/comments?post=18049"}],"wp:featuredmedia":[{"embeddable":true,"href":"https:\/\/vossgass.no\/en\/wp-json\/wp\/v2\/media\/18051"}],"wp:attachment":[{"href":"https:\/\/vossgass.no\/en\/wp-json\/wp\/v2\/media?parent=18049"}],"wp:term":[{"taxonomy":"product_brand","embeddable":true,"href":"https:\/\/vossgass.no\/en\/wp-json\/wp\/v2\/product_brand?post=18049"},{"taxonomy":"product_cat","embeddable":true,"href":"https:\/\/vossgass.no\/en\/wp-json\/wp\/v2\/product_cat?post=18049"},{"taxonomy":"product_tag","embeddable":true,"href":"https:\/\/vossgass.no\/en\/wp-json\/wp\/v2\/product_tag?post=18049"}],"curies":[{"name":"wp","href":"https:\/\/api.w.org\/{rel}","templated":true}]}}