{"id":18041,"date":"2025-04-25T16:00:31","date_gmt":"2025-04-25T14:00:31","guid":{"rendered":"https:\/\/vossgass.no\/produkt\/finlux-32-tv-12v-230v\/"},"modified":"2025-09-23T12:52:45","modified_gmt":"2025-09-23T10:52:45","slug":"finlux-32-tv-12v-230v","status":"publish","type":"product","link":"https:\/\/vossgass.no\/en\/product\/finlux-32-tv-12v-230v\/","title":{"rendered":"Finlux 32&#8243; TV 12V &amp; 230V"},"content":{"rendered":"","protected":false},"excerpt":{"rendered":"<p>Finlux 32&#8243; TV klargjort med Android, SmartTV og WIFI. Spesielt utviklet for hyttemarkedet da den b\u00e5de er ekstremt str\u00f8mgjerrig (19W) og kan drives p\u00e5 b\u00e5de 12V og 230V. Slim kabinett. HD ready, PVR avspilling\/opptak via USB til harddisk eller minnepenn. Integrert mottakerfor RiksTV(DVB-T), kabelTV(DVB-C) og satellit(DVB-S2). Polaritetsbeskyttelse og overspenningsvern p\u00e5 15,3V. Fjernkontroll medf\u00f8lger.<\/p>\n<p>Kanaler som NRK TV og radio (samt tekst TV) kan du f\u00e5 inn uten noe form for abonnement, med bare en enkel antenne.<\/p>\n<p>Sjekk din dekning her: www.ntv.no\/dekningskart<\/p>","protected":false},"featured_media":18042,"comment_status":"open","ping_status":"closed","template":"","meta":[],"product_brand":[],"product_cat":[260],"product_tag":[],"class_list":{"0":"post-18041","1":"product","2":"type-product","3":"status-publish","4":"has-post-thumbnail","6":"product_cat-hytte-camping-fritid","8":"first","9":"outofstock","10":"taxable","11":"shipping-taxable","12":"purchasable","13":"product-type-simple"},"_links":{"self":[{"href":"https:\/\/vossgass.no\/en\/wp-json\/wp\/v2\/product\/18041","targetHints":{"allow":["GET"]}}],"collection":[{"href":"https:\/\/vossgass.no\/en\/wp-json\/wp\/v2\/product"}],"about":[{"href":"https:\/\/vossgass.no\/en\/wp-json\/wp\/v2\/types\/product"}],"replies":[{"embeddable":true,"href":"https:\/\/vossgass.no\/en\/wp-json\/wp\/v2\/comments?post=18041"}],"wp:featuredmedia":[{"embeddable":true,"href":"https:\/\/vossgass.no\/en\/wp-json\/wp\/v2\/media\/18042"}],"wp:attachment":[{"href":"https:\/\/vossgass.no\/en\/wp-json\/wp\/v2\/media?parent=18041"}],"wp:term":[{"taxonomy":"product_brand","embeddable":true,"href":"https:\/\/vossgass.no\/en\/wp-json\/wp\/v2\/product_brand?post=18041"},{"taxonomy":"product_cat","embeddable":true,"href":"https:\/\/vossgass.no\/en\/wp-json\/wp\/v2\/product_cat?post=18041"},{"taxonomy":"product_tag","embeddable":true,"href":"https:\/\/vossgass.no\/en\/wp-json\/wp\/v2\/product_tag?post=18041"}],"curies":[{"name":"wp","href":"https:\/\/api.w.org\/{rel}","templated":true}]}}