{"id":18039,"date":"2025-04-25T15:56:49","date_gmt":"2025-04-25T13:56:49","guid":{"rendered":"https:\/\/vossgass.no\/produkt\/vindvifte-o-125-mm\/"},"modified":"2025-09-23T12:52:38","modified_gmt":"2025-09-23T10:52:38","slug":"vindvifte-o-125-mm","status":"publish","type":"product","link":"https:\/\/vossgass.no\/en\/product\/vindvifte-o-125-mm\/","title":{"rendered":"Vindvifte \u00f8 125 mm"},"content":{"rendered":"","protected":false},"excerpt":{"rendered":"<p>Vindvifte \u00d8125mm av h\u00f8y kvalitet som er laget med tanke p\u00e5 norske v\u00e6rforhold. Hindrer nedslag og s\u00f8rger for god lufting i toalettrommet eller andre steder med begov for luftsirkulasjon. Monteres p\u00e5 toppen av takgjennomf\u00f8ringsr\u00f8ret og fungerer helt uten str\u00f8m<\/p>","protected":false},"featured_media":18040,"comment_status":"open","ping_status":"closed","template":"","meta":[],"product_brand":[],"product_cat":[260,498],"product_tag":[],"class_list":{"0":"post-18039","1":"product","2":"type-product","3":"status-publish","4":"has-post-thumbnail","6":"product_cat-hytte-camping-fritid","7":"product_cat-toalett-vann-avlop","9":"first","10":"outofstock","11":"taxable","12":"shipping-taxable","13":"purchasable","14":"product-type-simple"},"_links":{"self":[{"href":"https:\/\/vossgass.no\/en\/wp-json\/wp\/v2\/product\/18039","targetHints":{"allow":["GET"]}}],"collection":[{"href":"https:\/\/vossgass.no\/en\/wp-json\/wp\/v2\/product"}],"about":[{"href":"https:\/\/vossgass.no\/en\/wp-json\/wp\/v2\/types\/product"}],"replies":[{"embeddable":true,"href":"https:\/\/vossgass.no\/en\/wp-json\/wp\/v2\/comments?post=18039"}],"wp:featuredmedia":[{"embeddable":true,"href":"https:\/\/vossgass.no\/en\/wp-json\/wp\/v2\/media\/18040"}],"wp:attachment":[{"href":"https:\/\/vossgass.no\/en\/wp-json\/wp\/v2\/media?parent=18039"}],"wp:term":[{"taxonomy":"product_brand","embeddable":true,"href":"https:\/\/vossgass.no\/en\/wp-json\/wp\/v2\/product_brand?post=18039"},{"taxonomy":"product_cat","embeddable":true,"href":"https:\/\/vossgass.no\/en\/wp-json\/wp\/v2\/product_cat?post=18039"},{"taxonomy":"product_tag","embeddable":true,"href":"https:\/\/vossgass.no\/en\/wp-json\/wp\/v2\/product_tag?post=18039"}],"curies":[{"name":"wp","href":"https:\/\/api.w.org\/{rel}","templated":true}]}}