{"id":15854,"date":"2025-04-15T18:27:51","date_gmt":"2025-04-15T16:27:51","guid":{"rendered":"https:\/\/vossgass.no\/produkt\/mestic-gassvarmer-mes-100-45-kw\/"},"modified":"2026-02-04T14:35:43","modified_gmt":"2026-02-04T13:35:43","slug":"mestic-gassvarmer-mes-100-45-kw","status":"publish","type":"product","link":"https:\/\/vossgass.no\/en\/product\/mestic-gassvarmer-mes-100-45-kw\/","title":{"rendered":"Mestic gassvarmer MES-100, 4,5 kw."},"content":{"rendered":"","protected":false},"excerpt":{"rendered":"<p>Mestic gassvarmer MES-100 skrus fast p\u00e5 gassflasken og gir direkte og behagelig kosevarme. Perfekt for oppvarming av et fortelt. Varmeren stilles inn i henhold til dine preferanser med to varmeeffektinnstillinger: 2,6 kW og 4,5 kW. Varmeren er beskyttet med en termoelektrisk sikkerhetsanordning som s\u00f8rger for at gasstilf\u00f8rselen stopper automatisk ved utbl\u00e5sning. Med et gassforbruk p\u00e5 330 g\/t ved maksimal effekt er MES-100 effektiv og egnet for propangass eller butangass.<\/p>","protected":false},"featured_media":17288,"comment_status":"open","ping_status":"closed","template":"","meta":[],"product_brand":[],"product_cat":[626,260,262],"product_tag":[],"class_list":{"0":"post-15854","1":"product","2":"type-product","3":"status-publish","4":"has-post-thumbnail","6":"product_cat-gassovner","7":"product_cat-hytte-camping-fritid","8":"product_cat-oppvarming-hytte-camping-fritid-2","10":"first","11":"outofstock","12":"taxable","13":"shipping-taxable","14":"purchasable","15":"product-type-simple"},"_links":{"self":[{"href":"https:\/\/vossgass.no\/en\/wp-json\/wp\/v2\/product\/15854","targetHints":{"allow":["GET"]}}],"collection":[{"href":"https:\/\/vossgass.no\/en\/wp-json\/wp\/v2\/product"}],"about":[{"href":"https:\/\/vossgass.no\/en\/wp-json\/wp\/v2\/types\/product"}],"replies":[{"embeddable":true,"href":"https:\/\/vossgass.no\/en\/wp-json\/wp\/v2\/comments?post=15854"}],"wp:featuredmedia":[{"embeddable":true,"href":"https:\/\/vossgass.no\/en\/wp-json\/wp\/v2\/media\/17288"}],"wp:attachment":[{"href":"https:\/\/vossgass.no\/en\/wp-json\/wp\/v2\/media?parent=15854"}],"wp:term":[{"taxonomy":"product_brand","embeddable":true,"href":"https:\/\/vossgass.no\/en\/wp-json\/wp\/v2\/product_brand?post=15854"},{"taxonomy":"product_cat","embeddable":true,"href":"https:\/\/vossgass.no\/en\/wp-json\/wp\/v2\/product_cat?post=15854"},{"taxonomy":"product_tag","embeddable":true,"href":"https:\/\/vossgass.no\/en\/wp-json\/wp\/v2\/product_tag?post=15854"}],"curies":[{"name":"wp","href":"https:\/\/api.w.org\/{rel}","templated":true}]}}