{"id":15852,"date":"2025-04-15T18:27:29","date_gmt":"2025-04-15T16:27:29","guid":{"rendered":"https:\/\/vossgass.no\/produkt\/sanitaerbark-20-l-nelson-garden\/"},"modified":"2026-03-31T14:27:42","modified_gmt":"2026-03-31T12:27:42","slug":"sanitaerbark-20-l-nelson-garden","status":"publish","type":"product","link":"https:\/\/vossgass.no\/en\/product\/sanitaerbark-20-l-nelson-garden\/","title":{"rendered":"Sanit\u00e6rbark 20 L, Nelson Garden"},"content":{"rendered":"","protected":false},"excerpt":{"rendered":"<p>Demper ubehagelig lukt, bidrar til \u00e5 holde fluer og insekter borte, suger fuktighet og starter komposteringsprosessen. Til bruk i utedoer, biologiske toaletter, t\u00f8rrklosetter og snurredasser. M\u00e5 lagres t\u00f8rt.<\/p>","protected":false},"featured_media":17286,"comment_status":"open","ping_status":"closed","template":"","meta":[],"product_brand":[],"product_cat":[630,260],"product_tag":[],"class_list":{"0":"post-15852","1":"product","2":"type-product","3":"status-publish","4":"has-post-thumbnail","6":"product_cat-camping-bobilutsyr","7":"product_cat-hytte-camping-fritid","9":"first","10":"instock","11":"taxable","12":"shipping-taxable","13":"purchasable","14":"product-type-simple"},"_links":{"self":[{"href":"https:\/\/vossgass.no\/en\/wp-json\/wp\/v2\/product\/15852","targetHints":{"allow":["GET"]}}],"collection":[{"href":"https:\/\/vossgass.no\/en\/wp-json\/wp\/v2\/product"}],"about":[{"href":"https:\/\/vossgass.no\/en\/wp-json\/wp\/v2\/types\/product"}],"replies":[{"embeddable":true,"href":"https:\/\/vossgass.no\/en\/wp-json\/wp\/v2\/comments?post=15852"}],"wp:featuredmedia":[{"embeddable":true,"href":"https:\/\/vossgass.no\/en\/wp-json\/wp\/v2\/media\/17286"}],"wp:attachment":[{"href":"https:\/\/vossgass.no\/en\/wp-json\/wp\/v2\/media?parent=15852"}],"wp:term":[{"taxonomy":"product_brand","embeddable":true,"href":"https:\/\/vossgass.no\/en\/wp-json\/wp\/v2\/product_brand?post=15852"},{"taxonomy":"product_cat","embeddable":true,"href":"https:\/\/vossgass.no\/en\/wp-json\/wp\/v2\/product_cat?post=15852"},{"taxonomy":"product_tag","embeddable":true,"href":"https:\/\/vossgass.no\/en\/wp-json\/wp\/v2\/product_tag?post=15852"}],"curies":[{"name":"wp","href":"https:\/\/api.w.org\/{rel}","templated":true}]}}