{"id":15849,"date":"2025-04-15T18:27:05","date_gmt":"2025-04-15T16:27:05","guid":{"rendered":"https:\/\/vossgass.no\/produkt\/oxebar-4-l-mini-keg-med-kork-og-handtak\/"},"modified":"2026-02-21T10:51:22","modified_gmt":"2026-02-21T09:51:22","slug":"oxebar-4-l-mini-keg-med-kork-og-handtak","status":"publish","type":"product","link":"https:\/\/vossgass.no\/en\/product\/oxebar-4-l-mini-keg-med-kork-og-handtak\/","title":{"rendered":"Fat Oxebar 4 l mini keg, med kork og h\u00e5ndtak"},"content":{"rendered":"","protected":false},"excerpt":{"rendered":"<p>Oxebar Mono fra Kegland er et lett og h\u00e5ndterbart fat med en kapasitet p\u00e5 4 liter.<\/p>\n<p>Dette er perfekt for de som leter etter en rimelig og praktisk m\u00e5te \u00e5 ta \u00f8let med deg p\u00e5, samtidig som de beholder de gode egenskapene ved \u00e5 ha \u00f8l p\u00e5 fat.<\/p>\n<p>Polymerblandingen som brukes til \u00e5 lage disse har en oksygen- og CO2-barriere som er 3 ganger bedre enn i vanlige brusflasker. Dette gj\u00f8r Oxebar perfekt for \u00e5 ta med \u00f8l til venner eller p\u00e5 hytta!<\/p>\n<p>OBS: Fatet m\u00e5 ikke settes under trykk til mer enn 4 bar\/58psi.<br \/>\nVi anbefaler ikke \u00e5 lagre \u00f8let i disse fatene lenger enn 6 m\u00e5neder.<\/p>\n<p>V\u00e6r oppmerksom p\u00e5 at fatene kan leveres med sm\u00e5 bulker fra transport. Dette er uproblematisk da det er designet med nok fleksibilitet til \u00e5 h\u00e5ndtere dette. Det vil rette seg ut n\u00e5r det tilf\u00f8res trykk.<\/p>\n<p>St\u00f8rrelse<br \/>\nDiameter: 155 mm<br \/>\nH\u00f8yde: 330 mm<\/p>\n<p>Oxebar kommer med PCO38 skrukork og plasth\u00e5ndtak. For \u00e5 kunne bruke fatet p\u00e5 en fornuftig m\u00e5te, trengs ogs\u00e5 Oxebar Hydra Tapping Head Kit. Da f\u00e5r du ball-lock tilkoblinger, overtrykksventilventil og stiger\u00f8r (slange) med filter. Det gj\u00f8r Oxebar til et fullverdig serveringsfat!<\/p>","protected":false},"featured_media":17283,"comment_status":"open","ping_status":"closed","template":"","meta":[],"product_brand":[],"product_cat":[256,91],"product_tag":[],"class_list":{"0":"post-15849","1":"product","2":"type-product","3":"status-publish","4":"has-post-thumbnail","6":"product_cat-bryggeutstyr-heimabrygg","7":"product_cat-heimabrygg","9":"first","10":"instock","11":"taxable","12":"shipping-taxable","13":"purchasable","14":"product-type-simple"},"_links":{"self":[{"href":"https:\/\/vossgass.no\/en\/wp-json\/wp\/v2\/product\/15849","targetHints":{"allow":["GET"]}}],"collection":[{"href":"https:\/\/vossgass.no\/en\/wp-json\/wp\/v2\/product"}],"about":[{"href":"https:\/\/vossgass.no\/en\/wp-json\/wp\/v2\/types\/product"}],"replies":[{"embeddable":true,"href":"https:\/\/vossgass.no\/en\/wp-json\/wp\/v2\/comments?post=15849"}],"wp:featuredmedia":[{"embeddable":true,"href":"https:\/\/vossgass.no\/en\/wp-json\/wp\/v2\/media\/17283"}],"wp:attachment":[{"href":"https:\/\/vossgass.no\/en\/wp-json\/wp\/v2\/media?parent=15849"}],"wp:term":[{"taxonomy":"product_brand","embeddable":true,"href":"https:\/\/vossgass.no\/en\/wp-json\/wp\/v2\/product_brand?post=15849"},{"taxonomy":"product_cat","embeddable":true,"href":"https:\/\/vossgass.no\/en\/wp-json\/wp\/v2\/product_cat?post=15849"},{"taxonomy":"product_tag","embeddable":true,"href":"https:\/\/vossgass.no\/en\/wp-json\/wp\/v2\/product_tag?post=15849"}],"curies":[{"name":"wp","href":"https:\/\/api.w.org\/{rel}","templated":true}]}}