{"id":15848,"date":"2025-04-15T18:26:56","date_gmt":"2025-04-15T16:26:56","guid":{"rendered":"https:\/\/vossgass.no\/produkt\/risskall-200g-unnga-stuck-mash\/"},"modified":"2026-02-21T10:57:13","modified_gmt":"2026-02-21T09:57:13","slug":"risskall-200g-unnga-stuck-mash","status":"publish","type":"product","link":"https:\/\/vossgass.no\/en\/product\/risskall-200g-unnga-stuck-mash\/","title":{"rendered":"Risskall 200g, unng\u00e5 stuck mash!"},"content":{"rendered":"","protected":false},"excerpt":{"rendered":"<p>Sliter du med, eller er bekymret for tett mesk (stuck mash) med d\u00e5rlig gjennomstr\u00f8mming av vann\/v\u00f8rter?<\/p>\n<p>Dette kan ofte skyldes at maltet ligger for tett, med lite plass mellom, eller du bruker malt\/tilsetninger som er &laquo;klissete&raquo;. Eksempler er bruk av hvete, havregryn, rug, for fin knusing av maltet eller tilsetning, eksempelvis gresskar. Et h\u00f8yt\/smalt bryggeapparat kan ogs\u00e5 medf\u00f8re mer &laquo;trykk&raquo; og tettere meske enn om du bruker lavere\/videre meskekjele. Det vil kunne gi bedre resultat om du brygger med silbunn (og evt meskepose) enn om du brygger med silkar.<\/p>\n<p>L\u00f8sningen kan v\u00e6re \u00e5 tilsette ris-skall i mesken. Den blir dermed mer &laquo;luftig&raquo; og por\u00f8s, og det er lettere \u00e5 vaske ut og skylle gjennom. Ris-skallet gir ikke noe smak og tilf\u00f8rer heller ikke noe sukker eller stivelse, men vil bidra til at mesken \u00f8ker i volum, s\u00e5 husk \u00e5 ta h\u00f8yde for dette dersom du beveger deg opp mot maksgrensen av hva som er anbefalt for utstyret ditt.<\/p>\n<p>Anbefalt mengde er 200-250g pr batch p\u00e5 20-25 liter.<\/p>","protected":false},"featured_media":17282,"comment_status":"open","ping_status":"closed","template":"","meta":[],"product_brand":[],"product_cat":[91,149],"product_tag":[],"class_list":{"0":"post-15848","1":"product","2":"type-product","3":"status-publish","4":"has-post-thumbnail","6":"product_cat-heimabrygg","7":"product_cat-ravarer","9":"first","10":"instock","11":"taxable","12":"shipping-taxable","13":"purchasable","14":"product-type-simple"},"_links":{"self":[{"href":"https:\/\/vossgass.no\/en\/wp-json\/wp\/v2\/product\/15848","targetHints":{"allow":["GET"]}}],"collection":[{"href":"https:\/\/vossgass.no\/en\/wp-json\/wp\/v2\/product"}],"about":[{"href":"https:\/\/vossgass.no\/en\/wp-json\/wp\/v2\/types\/product"}],"replies":[{"embeddable":true,"href":"https:\/\/vossgass.no\/en\/wp-json\/wp\/v2\/comments?post=15848"}],"wp:featuredmedia":[{"embeddable":true,"href":"https:\/\/vossgass.no\/en\/wp-json\/wp\/v2\/media\/17282"}],"wp:attachment":[{"href":"https:\/\/vossgass.no\/en\/wp-json\/wp\/v2\/media?parent=15848"}],"wp:term":[{"taxonomy":"product_brand","embeddable":true,"href":"https:\/\/vossgass.no\/en\/wp-json\/wp\/v2\/product_brand?post=15848"},{"taxonomy":"product_cat","embeddable":true,"href":"https:\/\/vossgass.no\/en\/wp-json\/wp\/v2\/product_cat?post=15848"},{"taxonomy":"product_tag","embeddable":true,"href":"https:\/\/vossgass.no\/en\/wp-json\/wp\/v2\/product_tag?post=15848"}],"curies":[{"name":"wp","href":"https:\/\/api.w.org\/{rel}","templated":true}]}}