{"id":15845,"date":"2025-04-15T18:26:31","date_gmt":"2025-04-15T16:26:31","guid":{"rendered":"https:\/\/vossgass.no\/produkt\/core-360-adapter-for-74g-co2-patron\/"},"modified":"2026-02-21T11:07:58","modified_gmt":"2026-02-21T10:07:58","slug":"core-360-adapter-for-74g-co2-patron","status":"publish","type":"product","link":"https:\/\/vossgass.no\/en\/product\/core-360-adapter-for-74g-co2-patron\/","title":{"rendered":"Core 360 adapter for 74g CO2 patron"},"content":{"rendered":"","protected":false},"excerpt":{"rendered":"<p>Mini Core 360 Adaptor for 74gram CO2 patroner.<br \/>\nGjengene til disse 74gram patronene er st\u00f8rre enn gjengene til 16g patroner, og trenger derfor en overgang for \u00e5 passe p\u00e5 Mini 360 Core Actuator Regulator.<\/p>","protected":false},"featured_media":17279,"comment_status":"open","ping_status":"closed","template":"","meta":[],"product_brand":[],"product_cat":[257,91],"product_tag":[],"class_list":{"0":"post-15845","1":"product","2":"type-product","3":"status-publish","4":"has-post-thumbnail","6":"product_cat-gjaering-heimabrygg","7":"product_cat-heimabrygg","9":"first","10":"instock","11":"taxable","12":"shipping-taxable","13":"purchasable","14":"product-type-simple"},"_links":{"self":[{"href":"https:\/\/vossgass.no\/en\/wp-json\/wp\/v2\/product\/15845","targetHints":{"allow":["GET"]}}],"collection":[{"href":"https:\/\/vossgass.no\/en\/wp-json\/wp\/v2\/product"}],"about":[{"href":"https:\/\/vossgass.no\/en\/wp-json\/wp\/v2\/types\/product"}],"replies":[{"embeddable":true,"href":"https:\/\/vossgass.no\/en\/wp-json\/wp\/v2\/comments?post=15845"}],"wp:featuredmedia":[{"embeddable":true,"href":"https:\/\/vossgass.no\/en\/wp-json\/wp\/v2\/media\/17279"}],"wp:attachment":[{"href":"https:\/\/vossgass.no\/en\/wp-json\/wp\/v2\/media?parent=15845"}],"wp:term":[{"taxonomy":"product_brand","embeddable":true,"href":"https:\/\/vossgass.no\/en\/wp-json\/wp\/v2\/product_brand?post=15845"},{"taxonomy":"product_cat","embeddable":true,"href":"https:\/\/vossgass.no\/en\/wp-json\/wp\/v2\/product_cat?post=15845"},{"taxonomy":"product_tag","embeddable":true,"href":"https:\/\/vossgass.no\/en\/wp-json\/wp\/v2\/product_tag?post=15845"}],"curies":[{"name":"wp","href":"https:\/\/api.w.org\/{rel}","templated":true}]}}