{"id":15840,"date":"2025-04-15T18:25:32","date_gmt":"2025-04-15T16:25:32","guid":{"rendered":"https:\/\/vossgass.no\/produkt\/inkbird-infrared-thermometer\/"},"modified":"2026-02-21T11:14:34","modified_gmt":"2026-02-21T10:14:34","slug":"inkbird-infrared-thermometer","status":"publish","type":"product","link":"https:\/\/vossgass.no\/en\/product\/inkbird-infrared-thermometer\/","title":{"rendered":"Inkbird Infrared thermometer"},"content":{"rendered":"","protected":false},"excerpt":{"rendered":"<p>Inkbird INK-IFT01 Infrar\u00f8dt termometer laserpeker gir en n\u00f8yaktig avm\u00e5ling av temperaturen p\u00e5 punktet du sikter p\u00e5.<br \/>\nTermometeret er robust og enkelt \u00e5 bruke. Du sikter p\u00e5 stedet du vil m\u00e5le temperaturen og trykker p\u00e5 knappen. Du vil straks f\u00e5 opp hva overflatetemperaturen er.<\/p>\n<p>Dette er et smart verkt\u00f8y som du kan bruke for \u00e5 m\u00e5le n\u00f8yaktig temperatur i grillen eller pizzaovnen din.<br \/>\nDu kan ogs\u00e5 m\u00e5le temperaturen p\u00e5 deigen under elting i maskinen for \u00e5 passe p\u00e5 at temperaturen ikke blir for h\u00f8y. <\/p>\n<p>Temperatur: -50\u00b0C til 600\u00b0C<br \/>\nN\u00f8yaktighet: 1,5%<br \/>\n1stk batteri inkludert (9v)<br \/>\nOptimal m\u00e5leavstand 35cm<\/p>","protected":false},"featured_media":17274,"comment_status":"open","ping_status":"closed","template":"","meta":[],"product_brand":[],"product_cat":[256,91],"product_tag":[],"class_list":{"0":"post-15840","1":"product","2":"type-product","3":"status-publish","4":"has-post-thumbnail","6":"product_cat-bryggeutstyr-heimabrygg","7":"product_cat-heimabrygg","9":"first","10":"outofstock","11":"taxable","12":"shipping-taxable","13":"purchasable","14":"product-type-simple"},"_links":{"self":[{"href":"https:\/\/vossgass.no\/en\/wp-json\/wp\/v2\/product\/15840","targetHints":{"allow":["GET"]}}],"collection":[{"href":"https:\/\/vossgass.no\/en\/wp-json\/wp\/v2\/product"}],"about":[{"href":"https:\/\/vossgass.no\/en\/wp-json\/wp\/v2\/types\/product"}],"replies":[{"embeddable":true,"href":"https:\/\/vossgass.no\/en\/wp-json\/wp\/v2\/comments?post=15840"}],"wp:featuredmedia":[{"embeddable":true,"href":"https:\/\/vossgass.no\/en\/wp-json\/wp\/v2\/media\/17274"}],"wp:attachment":[{"href":"https:\/\/vossgass.no\/en\/wp-json\/wp\/v2\/media?parent=15840"}],"wp:term":[{"taxonomy":"product_brand","embeddable":true,"href":"https:\/\/vossgass.no\/en\/wp-json\/wp\/v2\/product_brand?post=15840"},{"taxonomy":"product_cat","embeddable":true,"href":"https:\/\/vossgass.no\/en\/wp-json\/wp\/v2\/product_cat?post=15840"},{"taxonomy":"product_tag","embeddable":true,"href":"https:\/\/vossgass.no\/en\/wp-json\/wp\/v2\/product_tag?post=15840"}],"curies":[{"name":"wp","href":"https:\/\/api.w.org\/{rel}","templated":true}]}}