{"id":15835,"date":"2025-04-15T18:24:27","date_gmt":"2025-04-15T16:24:27","guid":{"rendered":"https:\/\/vossgass.no\/produkt\/hard-seltzer-pack-raspberry\/"},"modified":"2025-09-24T11:48:36","modified_gmt":"2025-09-24T09:48:36","slug":"hard-seltzer-pack-raspberry","status":"publish","type":"product","link":"https:\/\/vossgass.no\/en\/product\/hard-seltzer-pack-raspberry\/","title":{"rendered":"Hard Seltzer Pack &#8211; Raspberry"},"content":{"rendered":"","protected":false},"excerpt":{"rendered":"<p>Handcraft Supplies Hard Seltzer -Raspberry<\/p>\n<p>Settet inkluderer ingrediensene som trengs for \u00e5 lage 19 L forfriskende hard seltzer med en naturlig fruktsmak &#8211; den st\u00f8rste trenden akkurat n\u00e5 innen alkoholholdige drikker! Alt du trenger \u00e5 tilsette er 2 kg bryggesukker og vann, og med litt bryggeutstyr lager du 38 x 500 ml flasker eller et 19 L fat. Perfekt til fester og sosiale anledninger.<\/p>\n<p>Handcraft Supplies Hard Seltzer-sett er enkelt \u00e5 lage, og smaken er deilig og lett!<\/p>\n<p>OBS: Til dette settet vil du i tillegg trenge 2 kg dextrose (druesukker).<\/p>","protected":false},"featured_media":17269,"comment_status":"open","ping_status":"closed","template":"","meta":[],"product_brand":[],"product_cat":[622,91,259],"product_tag":[],"class_list":{"0":"post-15835","1":"product","2":"type-product","3":"status-publish","4":"has-post-thumbnail","6":"product_cat-hard-seltzer-ol-cidersett","7":"product_cat-heimabrygg","8":"product_cat-ol-cidersett","10":"first","11":"outofstock","12":"taxable","13":"shipping-taxable","14":"purchasable","15":"product-type-simple"},"_links":{"self":[{"href":"https:\/\/vossgass.no\/en\/wp-json\/wp\/v2\/product\/15835","targetHints":{"allow":["GET"]}}],"collection":[{"href":"https:\/\/vossgass.no\/en\/wp-json\/wp\/v2\/product"}],"about":[{"href":"https:\/\/vossgass.no\/en\/wp-json\/wp\/v2\/types\/product"}],"replies":[{"embeddable":true,"href":"https:\/\/vossgass.no\/en\/wp-json\/wp\/v2\/comments?post=15835"}],"wp:featuredmedia":[{"embeddable":true,"href":"https:\/\/vossgass.no\/en\/wp-json\/wp\/v2\/media\/17269"}],"wp:attachment":[{"href":"https:\/\/vossgass.no\/en\/wp-json\/wp\/v2\/media?parent=15835"}],"wp:term":[{"taxonomy":"product_brand","embeddable":true,"href":"https:\/\/vossgass.no\/en\/wp-json\/wp\/v2\/product_brand?post=15835"},{"taxonomy":"product_cat","embeddable":true,"href":"https:\/\/vossgass.no\/en\/wp-json\/wp\/v2\/product_cat?post=15835"},{"taxonomy":"product_tag","embeddable":true,"href":"https:\/\/vossgass.no\/en\/wp-json\/wp\/v2\/product_tag?post=15835"}],"curies":[{"name":"wp","href":"https:\/\/api.w.org\/{rel}","templated":true}]}}