{"id":15831,"date":"2025-04-15T18:23:49","date_gmt":"2025-04-15T16:23:49","guid":{"rendered":"https:\/\/vossgass.no\/produkt\/lalbrew-belgian-wit-style-yeast-11g-torrgjaer-for-belgisk-hveteol\/"},"modified":"2026-03-24T15:40:59","modified_gmt":"2026-03-24T14:40:59","slug":"lalbrew-belgian-wit-style-yeast-11g-torrgjaer-for-belgisk-hveteol","status":"publish","type":"product","link":"https:\/\/vossgass.no\/en\/product\/lalbrew-belgian-wit-style-yeast-11g-torrgjaer-for-belgisk-hveteol\/","title":{"rendered":"LalBrew Belgian Wit-Style Yeast 11g. T\u00f8rrgj\u00e6r, for Belgisk hvete\u00f8l"},"content":{"rendered":"","protected":false},"excerpt":{"rendered":"<p>LalBrew\u00ae Wit yeast is a relatively neutral strain which can be used to produce a wide variety of wheat beer styles. Ester and phenol production is lower than for traditional hefeweizen strains such as Munich Classic. LalBrew\u00ae Wit provides a baseline profile of banana and spice aromas, but leaves space for the brewer to showcase other spice additions typical of Belgian style beers. Traditional styles brewed with this yeast include but are not limited to Belgian Witbier, American Wheat, Berliner Weiss, Gose, Hefeweizen, Dunkelweis, and Weizenbock.<\/p>\n<p>In Lallemand\u2019s Standard Conditions Wort at 20\u00b0C (68\u00b0F) LalBrew\u00ae Wit yeast exhibits:<br \/>\nVigorous fermentation that can be completed in 4 days<br \/>\nMedium to High attenuation and Low flocculation<br \/>\nAroma and flavor is somewhat estery with banana notes<br \/>\nThe optimal temperature range for LalBrew\u00ae Wit yeast when producing traditional styles is 17\u00b0C(63\u00b0F) to<br \/>\n22\u00b0C(72\u00b0F)<br \/>\nFermentation rate, fermentation time and degree of attenuation are dependent on inoculation density, yeast handling, fermentation temperature and nutritional quality of the wort.<\/p>","protected":false},"featured_media":17265,"comment_status":"open","ping_status":"closed","template":"","meta":[],"product_brand":[],"product_cat":[180,91,149],"product_tag":[],"class_list":{"0":"post-15831","1":"product","2":"type-product","3":"status-publish","4":"has-post-thumbnail","6":"product_cat-gjaer","7":"product_cat-heimabrygg","8":"product_cat-ravarer","10":"first","11":"instock","12":"taxable","13":"shipping-taxable","14":"purchasable","15":"product-type-simple"},"_links":{"self":[{"href":"https:\/\/vossgass.no\/en\/wp-json\/wp\/v2\/product\/15831","targetHints":{"allow":["GET"]}}],"collection":[{"href":"https:\/\/vossgass.no\/en\/wp-json\/wp\/v2\/product"}],"about":[{"href":"https:\/\/vossgass.no\/en\/wp-json\/wp\/v2\/types\/product"}],"replies":[{"embeddable":true,"href":"https:\/\/vossgass.no\/en\/wp-json\/wp\/v2\/comments?post=15831"}],"wp:featuredmedia":[{"embeddable":true,"href":"https:\/\/vossgass.no\/en\/wp-json\/wp\/v2\/media\/17265"}],"wp:attachment":[{"href":"https:\/\/vossgass.no\/en\/wp-json\/wp\/v2\/media?parent=15831"}],"wp:term":[{"taxonomy":"product_brand","embeddable":true,"href":"https:\/\/vossgass.no\/en\/wp-json\/wp\/v2\/product_brand?post=15831"},{"taxonomy":"product_cat","embeddable":true,"href":"https:\/\/vossgass.no\/en\/wp-json\/wp\/v2\/product_cat?post=15831"},{"taxonomy":"product_tag","embeddable":true,"href":"https:\/\/vossgass.no\/en\/wp-json\/wp\/v2\/product_tag?post=15831"}],"curies":[{"name":"wp","href":"https:\/\/api.w.org\/{rel}","templated":true}]}}