{"id":15830,"date":"2025-04-15T18:23:43","date_gmt":"2025-04-15T16:23:43","guid":{"rendered":"https:\/\/vossgass.no\/produkt\/fwk-bella-sera-fresh-wort-kit-ferdig-brygget-vorter-til-20l-ol\/"},"modified":"2026-04-13T23:58:34","modified_gmt":"2026-04-13T21:58:34","slug":"fwk-bella-sera-fresh-wort-kit-ferdig-brygget-vorter-til-20l-ol","status":"publish","type":"product","link":"https:\/\/vossgass.no\/en\/product\/fwk-bella-sera-fresh-wort-kit-ferdig-brygget-vorter-til-20l-ol\/","title":{"rendered":"FWK Bella Sera Fresh Wort Kit. Ferdig brygget v\u00f8rter til 20L \u00f8l"},"content":{"rendered":"","protected":false},"excerpt":{"rendered":"<p>FRESH WORT KIT! &#8211; Til deg som vil brygge godt \u00f8l, men ikke har tid eller plass til allgrain brygging.<br \/>\nHer har vi kort forklart brygget \u00f8lsettet for deg, slik at du kun trenger \u00e5 gj\u00e6re og tappe \u00f8let. Les mer om Fresh Wort Kit her<\/p>\n<p>Bella Sera Italian Pilsner er lyst, lett og forf\u00f8rende frisk. Passer perfekt til italiensk pizza! <\/p>\n<p>Denne italienske pilsneren er brygget med Eraclea malt som dyrkes i omr\u00e5det rundt byen Eraclea i nord Italia. Malten kjennetegnes ved at den har godt utbytte, nydelig smak og god skumfasthet. Oppskriften inneholder ogs\u00e5 en del mais, som gj\u00f8r \u00f8let enda lysere og lettere, slik et godt middelshavs\u00f8l skal v\u00e6re.<\/p>\n<p>Stil: Italiensk Pilsner<\/p>\n<p>Alkoholprosent: ca. 5,1%.<br \/>\nIBU: ca. 31 \u2013 moderat bitter. Farge: 7 EBC &#8211; halmgul<\/p>\n<p>Inneholder ferdig brygget v\u00f8rter for 20 liter \u00f8l<\/p>\n<p>Se oppskriftsark er<\/p>\n<p>Instruks:<\/p>\n<p>Hell v\u00f8rter over i gj\u00e6ringskaret ditt<br \/>\nTopp opp med rent vann til 20 liter totalt volum.<br \/>\nTilsett gj\u00e6r<br \/>\nSett p\u00e5 lokk og gj\u00e6rl\u00e5s<br \/>\nF\u00f8lg den medf\u00f8lgende veiledningen med tanke p\u00e5 anbefalt gj\u00e6ringstemperatur<br \/>\nInkludert:<br \/>\nGj\u00e6r: Lalbrew NovaLager<br \/>\nT\u00f8rrhumle: Saaz og Tettnang<\/p>\n<p>Gj\u00e6res p\u00e5 ca. 20\u00b0C. T\u00f8rrhumle tilsettes i henhold til beskrivelse p\u00e5 humleposene.<\/p>\n<p>Tilsett 6g sukker pr liter \u00f8l n\u00e5r \u00f8let settes p\u00e5 flaske, og la karbonere ved 20-28\u00b0C i ca 14 dager f\u00f8r settes kj\u00f8lig.<br \/>\nCO2 volum p\u00e5 fat: ca 2,5<\/p>","protected":false},"featured_media":17264,"comment_status":"open","ping_status":"closed","template":"","meta":[],"product_brand":[],"product_cat":[621,91,259],"product_tag":[],"class_list":{"0":"post-15830","1":"product","2":"type-product","3":"status-publish","4":"has-post-thumbnail","6":"product_cat-fresh-wort-sett-fwk","7":"product_cat-heimabrygg","8":"product_cat-ol-cidersett","9":"product_shipping_class-kan-ikke-sendes","11":"first","12":"instock","13":"featured","14":"taxable","15":"shipping-taxable","16":"purchasable","17":"product-type-simple"},"_links":{"self":[{"href":"https:\/\/vossgass.no\/en\/wp-json\/wp\/v2\/product\/15830","targetHints":{"allow":["GET"]}}],"collection":[{"href":"https:\/\/vossgass.no\/en\/wp-json\/wp\/v2\/product"}],"about":[{"href":"https:\/\/vossgass.no\/en\/wp-json\/wp\/v2\/types\/product"}],"replies":[{"embeddable":true,"href":"https:\/\/vossgass.no\/en\/wp-json\/wp\/v2\/comments?post=15830"}],"wp:featuredmedia":[{"embeddable":true,"href":"https:\/\/vossgass.no\/en\/wp-json\/wp\/v2\/media\/17264"}],"wp:attachment":[{"href":"https:\/\/vossgass.no\/en\/wp-json\/wp\/v2\/media?parent=15830"}],"wp:term":[{"taxonomy":"product_brand","embeddable":true,"href":"https:\/\/vossgass.no\/en\/wp-json\/wp\/v2\/product_brand?post=15830"},{"taxonomy":"product_cat","embeddable":true,"href":"https:\/\/vossgass.no\/en\/wp-json\/wp\/v2\/product_cat?post=15830"},{"taxonomy":"product_tag","embeddable":true,"href":"https:\/\/vossgass.no\/en\/wp-json\/wp\/v2\/product_tag?post=15830"}],"curies":[{"name":"wp","href":"https:\/\/api.w.org\/{rel}","templated":true}]}}