{"id":15829,"date":"2025-04-15T18:23:37","date_gmt":"2025-04-15T16:23:37","guid":{"rendered":"https:\/\/vossgass.no\/produkt\/fwk-skjaergardsol-fresh-wort-kit-ferdig-brygget-vorter-til-20l-ol\/"},"modified":"2026-03-28T14:12:37","modified_gmt":"2026-03-28T13:12:37","slug":"fwk-skjaergardsol-fresh-wort-kit-ferdig-brygget-vorter-til-20l-ol","status":"publish","type":"product","link":"https:\/\/vossgass.no\/en\/product\/fwk-skjaergardsol-fresh-wort-kit-ferdig-brygget-vorter-til-20l-ol\/","title":{"rendered":"FWK Skj\u00e6rg\u00e5rds\u00f8l Fresh Wort Kit. Ferdig brygget v\u00f8rter til 20L \u00f8l"},"content":{"rendered":"","protected":false},"excerpt":{"rendered":"<p>FRESH WORT KIT! &#8211; Til deg som vil brygge godt \u00f8l, men ikke har tid eller plass til allgrain brygging.<br \/>\nHer har vi kort forklart brygget \u00f8lsettet for deg, slik at du kun trenger \u00e5 gj\u00e6re og tappe \u00f8let. Les mer om Fresh Wort Kit her<\/p>\n<p>Skj\u00e6rg\u00e5rds\u00f8l Fresh Wort Kit<br \/>\nLyst og lettdrikkelig \u00f8l som passer til alle anledninger. Perfekt til late dager i skj\u00e6rg\u00e5rden.<br \/>\nHimla go&#8217;, pass\u00e5h heilt kanon TER\u00c6GENE!<\/p>\n<p>Merk at pga vekt er det ikke mulig \u00e5 f\u00e5 2 Fresh Wort Kit i samme kolli.<\/p>","protected":false},"featured_media":17263,"comment_status":"open","ping_status":"closed","template":"","meta":[],"product_brand":[],"product_cat":[621,91,259],"product_tag":[],"class_list":{"0":"post-15829","1":"product","2":"type-product","3":"status-publish","4":"has-post-thumbnail","6":"product_cat-fresh-wort-sett-fwk","7":"product_cat-heimabrygg","8":"product_cat-ol-cidersett","9":"product_shipping_class-kan-ikke-sendes","11":"first","12":"instock","13":"taxable","14":"shipping-taxable","15":"purchasable","16":"product-type-simple"},"_links":{"self":[{"href":"https:\/\/vossgass.no\/en\/wp-json\/wp\/v2\/product\/15829","targetHints":{"allow":["GET"]}}],"collection":[{"href":"https:\/\/vossgass.no\/en\/wp-json\/wp\/v2\/product"}],"about":[{"href":"https:\/\/vossgass.no\/en\/wp-json\/wp\/v2\/types\/product"}],"replies":[{"embeddable":true,"href":"https:\/\/vossgass.no\/en\/wp-json\/wp\/v2\/comments?post=15829"}],"wp:featuredmedia":[{"embeddable":true,"href":"https:\/\/vossgass.no\/en\/wp-json\/wp\/v2\/media\/17263"}],"wp:attachment":[{"href":"https:\/\/vossgass.no\/en\/wp-json\/wp\/v2\/media?parent=15829"}],"wp:term":[{"taxonomy":"product_brand","embeddable":true,"href":"https:\/\/vossgass.no\/en\/wp-json\/wp\/v2\/product_brand?post=15829"},{"taxonomy":"product_cat","embeddable":true,"href":"https:\/\/vossgass.no\/en\/wp-json\/wp\/v2\/product_cat?post=15829"},{"taxonomy":"product_tag","embeddable":true,"href":"https:\/\/vossgass.no\/en\/wp-json\/wp\/v2\/product_tag?post=15829"}],"curies":[{"name":"wp","href":"https:\/\/api.w.org\/{rel}","templated":true}]}}