{"id":15828,"date":"2025-04-15T18:23:31","date_gmt":"2025-04-15T16:23:31","guid":{"rendered":"https:\/\/vossgass.no\/produkt\/justerbar-overtrykksventil-med-ball-lock-og-8mm-duotight\/"},"modified":"2026-03-20T16:37:21","modified_gmt":"2026-03-20T15:37:21","slug":"justerbar-overtrykksventil-med-ball-lock-og-8mm-duotight","status":"publish","type":"product","link":"https:\/\/vossgass.no\/en\/product\/justerbar-overtrykksventil-med-ball-lock-og-8mm-duotight\/","title":{"rendered":"Justerbar overtrykksventil. Med Ball Lock og 8mm DuoTight"},"content":{"rendered":"","protected":false},"excerpt":{"rendered":"<p>Dette er en kjekk liten overtrykksventil. som du enkelt klikker p\u00e5 Ball Lock gass p\u00e5 dit fat eller gj\u00e6ringskar.<\/p>\n<p>Du kan stille inn \u00f8nsket trykk, fra 0 til 2 bar, ved \u00e5 skru med eller mot klokken p\u00e5 ventilen. Om du \u00f8nsker \u00e5 slippe trykket helt ut, drar du bare i \u00f8yeringen.<\/p>\n<p>Det medf\u00f8lgende manometeret viser trykket opp til 2 bar. Om du \u00f8nsker et digitalt manometer, eller kanskje et st\u00f8rre et, har vi flere forskjellige p\u00e5 v\u00e5r nettside. Pass bare p\u00e5 at det kommer med 8mm DuoTight kobling.<\/p>\n<p>Den justerbare ventilen kan byttes ut med vanlige overtrykksventiler.  <\/p>\n<p>N\u00e5r du skal vaske denne, skrur du ut ventilen, og tar ut manometeret.<\/p>","protected":false},"featured_media":17262,"comment_status":"open","ping_status":"closed","template":"","meta":[],"product_brand":[],"product_cat":[256,91],"product_tag":[],"class_list":{"0":"post-15828","1":"product","2":"type-product","3":"status-publish","4":"has-post-thumbnail","6":"product_cat-bryggeutstyr-heimabrygg","7":"product_cat-heimabrygg","9":"first","10":"instock","11":"taxable","12":"shipping-taxable","13":"purchasable","14":"product-type-simple"},"_links":{"self":[{"href":"https:\/\/vossgass.no\/en\/wp-json\/wp\/v2\/product\/15828","targetHints":{"allow":["GET"]}}],"collection":[{"href":"https:\/\/vossgass.no\/en\/wp-json\/wp\/v2\/product"}],"about":[{"href":"https:\/\/vossgass.no\/en\/wp-json\/wp\/v2\/types\/product"}],"replies":[{"embeddable":true,"href":"https:\/\/vossgass.no\/en\/wp-json\/wp\/v2\/comments?post=15828"}],"wp:featuredmedia":[{"embeddable":true,"href":"https:\/\/vossgass.no\/en\/wp-json\/wp\/v2\/media\/17262"}],"wp:attachment":[{"href":"https:\/\/vossgass.no\/en\/wp-json\/wp\/v2\/media?parent=15828"}],"wp:term":[{"taxonomy":"product_brand","embeddable":true,"href":"https:\/\/vossgass.no\/en\/wp-json\/wp\/v2\/product_brand?post=15828"},{"taxonomy":"product_cat","embeddable":true,"href":"https:\/\/vossgass.no\/en\/wp-json\/wp\/v2\/product_cat?post=15828"},{"taxonomy":"product_tag","embeddable":true,"href":"https:\/\/vossgass.no\/en\/wp-json\/wp\/v2\/product_tag?post=15828"}],"curies":[{"name":"wp","href":"https:\/\/api.w.org\/{rel}","templated":true}]}}