{"id":15826,"date":"2025-04-15T18:23:16","date_gmt":"2025-04-15T16:23:16","guid":{"rendered":"https:\/\/vossgass.no\/produkt\/gjaerlas-compact-medium-lavtbyggende-gjaerlas\/"},"modified":"2026-03-28T14:52:09","modified_gmt":"2026-03-28T13:52:09","slug":"gjaerlas-compact-medium-lavtbyggende-gjaerlas","status":"publish","type":"product","link":"https:\/\/vossgass.no\/en\/product\/gjaerlas-compact-medium-lavtbyggende-gjaerlas\/","title":{"rendered":"Gj\u00e6rl\u00e5s compact medium. Lavtbyggende gj\u00e6rl\u00e5s"},"content":{"rendered":"","protected":false},"excerpt":{"rendered":"<p>Todelt gj\u00e6rl\u00e5s som ikke bygger like h\u00f8yt som vanlige S-formede l\u00e5ser.<\/p>\n<p>Totalt 7,5 cm lang, bygger 4,5-5 cm over pakning.<\/p>","protected":false},"featured_media":17260,"comment_status":"open","ping_status":"closed","template":"","meta":[],"product_brand":[],"product_cat":[256,91],"product_tag":[],"class_list":{"0":"post-15826","1":"product","2":"type-product","3":"status-publish","4":"has-post-thumbnail","6":"product_cat-bryggeutstyr-heimabrygg","7":"product_cat-heimabrygg","9":"first","10":"instock","11":"taxable","12":"shipping-taxable","13":"purchasable","14":"product-type-simple"},"_links":{"self":[{"href":"https:\/\/vossgass.no\/en\/wp-json\/wp\/v2\/product\/15826","targetHints":{"allow":["GET"]}}],"collection":[{"href":"https:\/\/vossgass.no\/en\/wp-json\/wp\/v2\/product"}],"about":[{"href":"https:\/\/vossgass.no\/en\/wp-json\/wp\/v2\/types\/product"}],"replies":[{"embeddable":true,"href":"https:\/\/vossgass.no\/en\/wp-json\/wp\/v2\/comments?post=15826"}],"wp:featuredmedia":[{"embeddable":true,"href":"https:\/\/vossgass.no\/en\/wp-json\/wp\/v2\/media\/17260"}],"wp:attachment":[{"href":"https:\/\/vossgass.no\/en\/wp-json\/wp\/v2\/media?parent=15826"}],"wp:term":[{"taxonomy":"product_brand","embeddable":true,"href":"https:\/\/vossgass.no\/en\/wp-json\/wp\/v2\/product_brand?post=15826"},{"taxonomy":"product_cat","embeddable":true,"href":"https:\/\/vossgass.no\/en\/wp-json\/wp\/v2\/product_cat?post=15826"},{"taxonomy":"product_tag","embeddable":true,"href":"https:\/\/vossgass.no\/en\/wp-json\/wp\/v2\/product_tag?post=15826"}],"curies":[{"name":"wp","href":"https:\/\/api.w.org\/{rel}","templated":true}]}}