{"id":15825,"date":"2025-04-15T18:23:10","date_gmt":"2025-04-15T16:23:10","guid":{"rendered":"https:\/\/vossgass.no\/produkt\/evabarrier-slange-6-mm-id-x-95mm-od-1-meter\/"},"modified":"2026-03-20T16:40:45","modified_gmt":"2026-03-20T15:40:45","slug":"evabarrier-slange-6-mm-id-x-95mm-od-1-meter","status":"publish","type":"product","link":"https:\/\/vossgass.no\/en\/product\/evabarrier-slange-6-mm-id-x-95mm-od-1-meter\/","title":{"rendered":"EVABarrier slange 6 mm ID x 9,5mm OD 1 meter"},"content":{"rendered":"","protected":false},"excerpt":{"rendered":"<p>9,5mm x 6mm EVABarrier\u00ae er diffusjonstett slange for \u00f8l og co2.<\/p>\n<p>Pris oppgitt er pr meter. Maksimum lengde er 100m<\/p>\n<p>Utvendig m\u00e5l er 9,5mm slik at denne passer i Duothight og John Guest hurtigkoblinger med 9,5mm eller 3\/8&#8243; koblinger.<\/p>\n<p>Denne slangen er utviklet av KegLand i Australia. Mange andre slanger for \u00f8l og co2 er normalt ikke diffusjonstette. KegLand har derfor laget en 2-lags slange hvor det utvendige laget er av Ethylene Vinyl Acetate (EVA), et ekstremt fleksibelt og robust plastmateriale som kan b\u00f8yes uten \u00e5 kollapse eller knekke. Dette materialet gj\u00f8r ogs\u00e5 at slangen tetter godt i Duotight og John Guest hurtigkoblinger. Det innvendige laget er av propriet\u00e6re polymer og som gj\u00f8r slangen diffusjonstett, og dette forhindrer dermed CO2 i \u00e5 lekke ut gjennom slangeveggen, eller \u00e5 la oksygen trenge inn i \u00f8let i slangen. Dermed unng\u00e5r du at \u00f8let som st\u00e5r i slangen en tid blir \u00f8delagt. Innvendig er overflaten sv\u00e6rt glatt, men minimal friksjon for \u00f8let, samtidig som det gj\u00f8r det vanskelig for urenheter, bakterier, mikrober el \u00e5 feste seg.<\/p>\n<p>Trykk-toleranse (med 50% sikkerhetsmargin):<br \/>\nved 30C: 200psi \/ 1,4MPa<br \/>\nved 50C: 100psi \/ 0,7MPa<\/p>","protected":false},"featured_media":17259,"comment_status":"open","ping_status":"closed","template":"","meta":[],"product_brand":[],"product_cat":[256,91],"product_tag":[],"class_list":{"0":"post-15825","1":"product","2":"type-product","3":"status-publish","4":"has-post-thumbnail","6":"product_cat-bryggeutstyr-heimabrygg","7":"product_cat-heimabrygg","9":"first","10":"instock","11":"taxable","12":"shipping-taxable","13":"purchasable","14":"product-type-simple"},"_links":{"self":[{"href":"https:\/\/vossgass.no\/en\/wp-json\/wp\/v2\/product\/15825","targetHints":{"allow":["GET"]}}],"collection":[{"href":"https:\/\/vossgass.no\/en\/wp-json\/wp\/v2\/product"}],"about":[{"href":"https:\/\/vossgass.no\/en\/wp-json\/wp\/v2\/types\/product"}],"replies":[{"embeddable":true,"href":"https:\/\/vossgass.no\/en\/wp-json\/wp\/v2\/comments?post=15825"}],"wp:featuredmedia":[{"embeddable":true,"href":"https:\/\/vossgass.no\/en\/wp-json\/wp\/v2\/media\/17259"}],"wp:attachment":[{"href":"https:\/\/vossgass.no\/en\/wp-json\/wp\/v2\/media?parent=15825"}],"wp:term":[{"taxonomy":"product_brand","embeddable":true,"href":"https:\/\/vossgass.no\/en\/wp-json\/wp\/v2\/product_brand?post=15825"},{"taxonomy":"product_cat","embeddable":true,"href":"https:\/\/vossgass.no\/en\/wp-json\/wp\/v2\/product_cat?post=15825"},{"taxonomy":"product_tag","embeddable":true,"href":"https:\/\/vossgass.no\/en\/wp-json\/wp\/v2\/product_tag?post=15825"}],"curies":[{"name":"wp","href":"https:\/\/api.w.org\/{rel}","templated":true}]}}