{"id":15823,"date":"2025-04-15T18:22:53","date_gmt":"2025-04-15T16:22:53","guid":{"rendered":"https:\/\/vossgass.no\/produkt\/cadac-gasskjokken-2-koker-3-pro-deluxe\/"},"modified":"2025-09-23T12:47:33","modified_gmt":"2025-09-23T10:47:33","slug":"cadac-gasskjokken-2-koker-3-pro-deluxe","status":"publish","type":"product","link":"https:\/\/vossgass.no\/en\/product\/cadac-gasskjokken-2-koker-3-pro-deluxe\/","title":{"rendered":"Cadac gasskj\u00f8kken 2-koker 3 Pro Deluxe"},"content":{"rendered":"","protected":false},"excerpt":{"rendered":"<p>2-Cook Pro Stove har to panneholdere, to vindskjermer, en keramisk plate og en rillet plate. Sikkerhetsknappen s\u00f8rger for at du ikke \u00e5pner gasstilf\u00f8rselen uten \u00e5 trykke inn og vri p\u00e5 knappen.<\/p>\n<p>OBS! Kokeplaten f\u00e5r bare anvendes utend\u00f8rs da den mangler tennsikring. Gummi f\u00f8tter p\u00e5 bunnen gir ekstra stabilitet og sikkerhet da disse hindrer gasskj\u00f8kken i \u00e5 skli. Inkl. praktisk oppbevaringspose<\/p>","protected":false},"featured_media":17257,"comment_status":"open","ping_status":"closed","template":"","meta":[],"product_brand":[],"product_cat":[260,292],"product_tag":[],"class_list":{"0":"post-15823","1":"product","2":"type-product","3":"status-publish","4":"has-post-thumbnail","6":"product_cat-hytte-camping-fritid","7":"product_cat-kjokken-gass","9":"first","10":"outofstock","11":"taxable","12":"shipping-taxable","13":"purchasable","14":"product-type-simple"},"_links":{"self":[{"href":"https:\/\/vossgass.no\/en\/wp-json\/wp\/v2\/product\/15823","targetHints":{"allow":["GET"]}}],"collection":[{"href":"https:\/\/vossgass.no\/en\/wp-json\/wp\/v2\/product"}],"about":[{"href":"https:\/\/vossgass.no\/en\/wp-json\/wp\/v2\/types\/product"}],"replies":[{"embeddable":true,"href":"https:\/\/vossgass.no\/en\/wp-json\/wp\/v2\/comments?post=15823"}],"wp:featuredmedia":[{"embeddable":true,"href":"https:\/\/vossgass.no\/en\/wp-json\/wp\/v2\/media\/17257"}],"wp:attachment":[{"href":"https:\/\/vossgass.no\/en\/wp-json\/wp\/v2\/media?parent=15823"}],"wp:term":[{"taxonomy":"product_brand","embeddable":true,"href":"https:\/\/vossgass.no\/en\/wp-json\/wp\/v2\/product_brand?post=15823"},{"taxonomy":"product_cat","embeddable":true,"href":"https:\/\/vossgass.no\/en\/wp-json\/wp\/v2\/product_cat?post=15823"},{"taxonomy":"product_tag","embeddable":true,"href":"https:\/\/vossgass.no\/en\/wp-json\/wp\/v2\/product_tag?post=15823"}],"curies":[{"name":"wp","href":"https:\/\/api.w.org\/{rel}","templated":true}]}}