{"id":15822,"date":"2025-04-15T18:22:37","date_gmt":"2025-04-15T16:22:37","guid":{"rendered":"https:\/\/vossgass.no\/produkt\/kaliumsorbat-e202-5-gjaerstopp\/"},"modified":"2026-02-21T12:05:41","modified_gmt":"2026-02-21T11:05:41","slug":"kaliumsorbat-e202-5-gjaerstopp","status":"publish","type":"product","link":"https:\/\/vossgass.no\/en\/product\/kaliumsorbat-e202-5-gjaerstopp\/","title":{"rendered":"Kaliumsorbat E202 5 g(Gj\u00e6rstopp)"},"content":{"rendered":"","protected":false},"excerpt":{"rendered":"<p>Sorbistat er kaliumsorbat som dreper all gj\u00e6r n\u00e5r det tilsettes.<\/p>\n<p>Er optimal \u00e5 bruke for \u00e5 avslutte gj\u00e6ringsprosessen og tilsette mer s\u00f8dme uten av gj\u00e6ren skal begynne \u00e5 jobbe igjen.<br \/>\nDen b\u00f8r brukes n\u00e5r gj\u00e6ringsprosessen er ferdig og ikke for \u00e5 drepe villgj\u00e6r f\u00f8r gj\u00e6ringsprosessen. I det tilfelle b\u00f8r man bruke sulfitt (Campden)<\/p>","protected":false},"featured_media":19388,"comment_status":"open","ping_status":"closed","template":"","meta":[],"product_brand":[],"product_cat":[180,91,149],"product_tag":[],"class_list":{"0":"post-15822","1":"product","2":"type-product","3":"status-publish","4":"has-post-thumbnail","6":"product_cat-gjaer","7":"product_cat-heimabrygg","8":"product_cat-ravarer","10":"first","11":"instock","12":"taxable","13":"shipping-taxable","14":"purchasable","15":"product-type-simple"},"_links":{"self":[{"href":"https:\/\/vossgass.no\/en\/wp-json\/wp\/v2\/product\/15822","targetHints":{"allow":["GET"]}}],"collection":[{"href":"https:\/\/vossgass.no\/en\/wp-json\/wp\/v2\/product"}],"about":[{"href":"https:\/\/vossgass.no\/en\/wp-json\/wp\/v2\/types\/product"}],"replies":[{"embeddable":true,"href":"https:\/\/vossgass.no\/en\/wp-json\/wp\/v2\/comments?post=15822"}],"wp:featuredmedia":[{"embeddable":true,"href":"https:\/\/vossgass.no\/en\/wp-json\/wp\/v2\/media\/19388"}],"wp:attachment":[{"href":"https:\/\/vossgass.no\/en\/wp-json\/wp\/v2\/media?parent=15822"}],"wp:term":[{"taxonomy":"product_brand","embeddable":true,"href":"https:\/\/vossgass.no\/en\/wp-json\/wp\/v2\/product_brand?post=15822"},{"taxonomy":"product_cat","embeddable":true,"href":"https:\/\/vossgass.no\/en\/wp-json\/wp\/v2\/product_cat?post=15822"},{"taxonomy":"product_tag","embeddable":true,"href":"https:\/\/vossgass.no\/en\/wp-json\/wp\/v2\/product_tag?post=15822"}],"curies":[{"name":"wp","href":"https:\/\/api.w.org\/{rel}","templated":true}]}}