{"id":15820,"date":"2025-04-15T18:22:26","date_gmt":"2025-04-15T16:22:26","guid":{"rendered":"https:\/\/vossgass.no\/produkt\/housegard-pebble-mini-roykvarsler\/"},"modified":"2026-02-24T15:10:51","modified_gmt":"2026-02-24T14:10:51","slug":"housegard-pebble-mini-roykvarsler","status":"publish","type":"product","link":"https:\/\/vossgass.no\/en\/product\/housegard-pebble-mini-roykvarsler\/","title":{"rendered":"Housegard Pebble MINI R\u00f8ykvarsler"},"content":{"rendered":"","protected":false},"excerpt":{"rendered":"<p>Housegard Pebble Mini r\u00f8ykvarsler inkl. 5-\u00e5rs batteri<br \/>\nHousegard<\/p>\n<p>Fordelene med en liten r\u00f8ykvarsler er at den tar minimalt med plass i taket og passer fint inn i rommets innredning. Varsleren har 5-\u00e5rs batteri og er utrustet med en pauseknapp som hysjer varsleren dersom en u\u00f8nsket alarm skulle oppst\u00e5.<\/p>\n<p>Nett og lettplassert med en diameter p\u00e5 bare 48 mm.<br \/>\nAlarmminne som blinker gr\u00f8nt hvert 43:e sekund om varsleren har v\u00e6rt i alarm de seneste 24 timene. Test-og pausefunksjon med LED-diode som blinker ved normal funksjon.<br \/>\nB\u00e5de skruer og 3M monteringsteip f\u00f8lger med.<br \/>\nOpp til 5 \u00e5rs driftstid innen man m\u00e5 gj\u00f8re et  batteribytte.<br \/>\nIndikator for batteribytte.<br \/>\nTestet og godkjent, CE, EN 14604<\/p>","protected":false},"featured_media":17255,"comment_status":"open","ping_status":"closed","template":"","meta":[],"product_brand":[],"product_cat":[260],"product_tag":[],"class_list":{"0":"post-15820","1":"product","2":"type-product","3":"status-publish","4":"has-post-thumbnail","6":"product_cat-hytte-camping-fritid","8":"first","9":"instock","10":"taxable","11":"shipping-taxable","12":"purchasable","13":"product-type-simple"},"_links":{"self":[{"href":"https:\/\/vossgass.no\/en\/wp-json\/wp\/v2\/product\/15820","targetHints":{"allow":["GET"]}}],"collection":[{"href":"https:\/\/vossgass.no\/en\/wp-json\/wp\/v2\/product"}],"about":[{"href":"https:\/\/vossgass.no\/en\/wp-json\/wp\/v2\/types\/product"}],"replies":[{"embeddable":true,"href":"https:\/\/vossgass.no\/en\/wp-json\/wp\/v2\/comments?post=15820"}],"wp:featuredmedia":[{"embeddable":true,"href":"https:\/\/vossgass.no\/en\/wp-json\/wp\/v2\/media\/17255"}],"wp:attachment":[{"href":"https:\/\/vossgass.no\/en\/wp-json\/wp\/v2\/media?parent=15820"}],"wp:term":[{"taxonomy":"product_brand","embeddable":true,"href":"https:\/\/vossgass.no\/en\/wp-json\/wp\/v2\/product_brand?post=15820"},{"taxonomy":"product_cat","embeddable":true,"href":"https:\/\/vossgass.no\/en\/wp-json\/wp\/v2\/product_cat?post=15820"},{"taxonomy":"product_tag","embeddable":true,"href":"https:\/\/vossgass.no\/en\/wp-json\/wp\/v2\/product_tag?post=15820"}],"curies":[{"name":"wp","href":"https:\/\/api.w.org\/{rel}","templated":true}]}}