{"id":15819,"date":"2025-04-15T18:22:13","date_gmt":"2025-04-15T16:22:13","guid":{"rendered":"https:\/\/vossgass.no\/produkt\/foker-koketopp-med-tennsikring\/"},"modified":"2026-01-13T11:50:09","modified_gmt":"2026-01-13T10:50:09","slug":"foker-koketopp-med-tennsikring","status":"publish","type":"product","link":"https:\/\/vossgass.no\/en\/product\/foker-koketopp-med-tennsikring\/","title":{"rendered":"Foker koketopp med tennsikring"},"content":{"rendered":"","protected":false},"excerpt":{"rendered":"<p>St\u00f8pejernsbrenner med avtagbart kjelefeste<br \/>\nKoketopp med 1-bluss og trinnl\u00f8s justering. Brenneren er utstyrt med thermosikring s\u00e5 den kan brukes innend\u00f8rs. Leveres uten slange og regulator.<\/p>\n<p>Effekt: 2,5 kW<br \/>\nM\u00e5l: 280 x 120 x 300 mm (LxHxB)<br \/>\nVekt: 3,8 kg<br \/>\nGasstrykk: 30 mbar<br \/>\nGodkjent for innend\u00f8rsbruk: Thermosikring<\/p>","protected":false},"featured_media":17254,"comment_status":"open","ping_status":"closed","template":"","meta":[],"product_brand":[],"product_cat":[260,292],"product_tag":[],"class_list":{"0":"post-15819","1":"product","2":"type-product","3":"status-publish","4":"has-post-thumbnail","6":"product_cat-hytte-camping-fritid","7":"product_cat-kjokken-gass","9":"first","10":"instock","11":"taxable","12":"shipping-taxable","13":"purchasable","14":"product-type-simple"},"_links":{"self":[{"href":"https:\/\/vossgass.no\/en\/wp-json\/wp\/v2\/product\/15819","targetHints":{"allow":["GET"]}}],"collection":[{"href":"https:\/\/vossgass.no\/en\/wp-json\/wp\/v2\/product"}],"about":[{"href":"https:\/\/vossgass.no\/en\/wp-json\/wp\/v2\/types\/product"}],"replies":[{"embeddable":true,"href":"https:\/\/vossgass.no\/en\/wp-json\/wp\/v2\/comments?post=15819"}],"wp:featuredmedia":[{"embeddable":true,"href":"https:\/\/vossgass.no\/en\/wp-json\/wp\/v2\/media\/17254"}],"wp:attachment":[{"href":"https:\/\/vossgass.no\/en\/wp-json\/wp\/v2\/media?parent=15819"}],"wp:term":[{"taxonomy":"product_brand","embeddable":true,"href":"https:\/\/vossgass.no\/en\/wp-json\/wp\/v2\/product_brand?post=15819"},{"taxonomy":"product_cat","embeddable":true,"href":"https:\/\/vossgass.no\/en\/wp-json\/wp\/v2\/product_cat?post=15819"},{"taxonomy":"product_tag","embeddable":true,"href":"https:\/\/vossgass.no\/en\/wp-json\/wp\/v2\/product_tag?post=15819"}],"curies":[{"name":"wp","href":"https:\/\/api.w.org\/{rel}","templated":true}]}}