{"id":15813,"date":"2025-04-15T18:21:01","date_gmt":"2025-04-15T16:21:01","guid":{"rendered":"https:\/\/vossgass.no\/produkt\/fwk-plutselig-jul-fresh-wort-kit\/"},"modified":"2026-03-27T17:54:00","modified_gmt":"2026-03-27T16:54:00","slug":"fwk-plutselig-jul-fresh-wort-kit","status":"publish","type":"product","link":"https:\/\/vossgass.no\/en\/product\/fwk-plutselig-jul-fresh-wort-kit\/","title":{"rendered":"FWK Plutselig Jul Fresh Wort Kit"},"content":{"rendered":"","protected":false},"excerpt":{"rendered":"<p>FRESH WORT KIT! &#8211; Til deg som vil brygge godt \u00f8l, men ikke har tid eller plass til allgrain brygging.<br \/>\nHer har vi kort forklart brygget \u00f8lsettet for deg, slik at du kun trenger \u00e5 gj\u00e6re og tappe \u00f8let. Les mer om Fresh Wort Kit her<\/p>\n<p>Plutselig Jul<br \/>\nHar du glemt jule\u00f8let n\u00e5 igjen? Fortvil ikke, her er redningen!<br \/>\nSleng Plutselig Jul i gryta og senk skuldrene, det blir jul i \u00e5r ogs\u00e5. Hilsen Rudolf!<\/p>\n<p>Plutselig Jul er en American Amber med flott r\u00f8dfarge, god humle og tydelig karamellmalt. <\/p>","protected":false},"featured_media":17248,"comment_status":"open","ping_status":"closed","template":"","meta":[],"product_brand":[],"product_cat":[621,91,259],"product_tag":[],"class_list":{"0":"post-15813","1":"product","2":"type-product","3":"status-publish","4":"has-post-thumbnail","6":"product_cat-fresh-wort-sett-fwk","7":"product_cat-heimabrygg","8":"product_cat-ol-cidersett","9":"product_shipping_class-kan-ikke-sendes","11":"first","12":"instock","13":"taxable","14":"shipping-taxable","15":"purchasable","16":"product-type-simple"},"_links":{"self":[{"href":"https:\/\/vossgass.no\/en\/wp-json\/wp\/v2\/product\/15813","targetHints":{"allow":["GET"]}}],"collection":[{"href":"https:\/\/vossgass.no\/en\/wp-json\/wp\/v2\/product"}],"about":[{"href":"https:\/\/vossgass.no\/en\/wp-json\/wp\/v2\/types\/product"}],"replies":[{"embeddable":true,"href":"https:\/\/vossgass.no\/en\/wp-json\/wp\/v2\/comments?post=15813"}],"wp:featuredmedia":[{"embeddable":true,"href":"https:\/\/vossgass.no\/en\/wp-json\/wp\/v2\/media\/17248"}],"wp:attachment":[{"href":"https:\/\/vossgass.no\/en\/wp-json\/wp\/v2\/media?parent=15813"}],"wp:term":[{"taxonomy":"product_brand","embeddable":true,"href":"https:\/\/vossgass.no\/en\/wp-json\/wp\/v2\/product_brand?post=15813"},{"taxonomy":"product_cat","embeddable":true,"href":"https:\/\/vossgass.no\/en\/wp-json\/wp\/v2\/product_cat?post=15813"},{"taxonomy":"product_tag","embeddable":true,"href":"https:\/\/vossgass.no\/en\/wp-json\/wp\/v2\/product_tag?post=15813"}],"curies":[{"name":"wp","href":"https:\/\/api.w.org\/{rel}","templated":true}]}}