{"id":15812,"date":"2025-04-15T18:20:55","date_gmt":"2025-04-15T16:20:55","guid":{"rendered":"https:\/\/vossgass.no\/produkt\/pipeline-purple-professional-50g-beer-line-cleaning-powder\/"},"modified":"2026-02-21T12:14:51","modified_gmt":"2026-02-21T11:14:51","slug":"pipeline-purple-professional-50g-beer-line-cleaning-powder","status":"publish","type":"product","link":"https:\/\/vossgass.no\/en\/product\/pipeline-purple-professional-50g-beer-line-cleaning-powder\/","title":{"rendered":"Pipeline Purple Professional 50g Beer Line Cleaning Powder"},"content":{"rendered":"","protected":false},"excerpt":{"rendered":"<p>Pulverversjon av Chemisphere UK&#8217;s konsentrerte, klassiske og originale alkaliske Pipeline Professional, beregnet for rengj\u00f8ring av tappelinjer. Pulveret l\u00f8ses opp i vann for ferdig utblandet rengj\u00f8ringsmiddel.<\/p>\n<p>50g = 5 liter ferdig utblandet.<\/p>\n<p>Pipeline er spesialdesignet for \u00e5 bryte ned kontamineringer som gj\u00e6r, proteiner og sukker i tappelinjen.<\/p>\n<p>Pipeline kj\u00f8res gjennom tappelinjen og fungerer p\u00e5 den geniale m\u00e5ten at fargen endrer seg n\u00e5r slangen er skitten, og du vet at det er rent n\u00e5r v\u00e6sken har f\u00e5tt en stabil lilla farge. Den er trygg \u00e5 bruke p\u00e5 alle typer slange-materialer, r\u00f8r, m\u00e5lere, pumper, \u00f8lmotorer, kraner og tilkoblinger n\u00e5r den brukes som foreskrevet. Inneholder ikke kaustisk soda.<\/p>\n<p>Chemisphere UK er kjent som en pioner og markedsleder innen produksjon av profesjonelle rengj\u00f8ringsmidler, som spesialiserer seg p\u00e5 \u00e5 tilby bryggeri- og horeka-industrien med premium vaskemidler og tilbeh\u00f8r for en rekke anvendelser, inkludert oppvask, tappelinje-rengj\u00f8ring og kj\u00f8kkenhygiene. Deres omfattende utvalg kombinerer etablerte og p\u00e5litelige produkter med kraftige, siste generasjons rengj\u00f8ringsmidler, alle produsert med de fineste ingrediensene.<\/p>\n<p>Med en dedikasjon til teknisk ekspertise og kundeservice har Chemisphere UK bygget en sterk merkevarekjennskap og et godt rykte i bransjen. Selskapet st\u00e5r fast p\u00e5 sitt engasjement for innovasjon og h\u00f8ykvalitets l\u00f8sninger, alltid med fokus p\u00e5 b\u00e6rekraft og milj\u00f8ansvar.<\/p>\n<p>Bruksanvisning:<\/p>\n<p>Blandingsforhold: Hver pose inneholder en forh\u00e5ndsm\u00e5lt mengde som produserer 5 liter rensel\u00f8sning til bruk for regelmessige renserutiner. Den er ekstremt effektiv p\u00e5 tappeanlegg som kan v\u00e6re sterkt tilsmusset eller som har blitt neglisjert.<\/p>\n<p>Rensing: Skru av eventuelle inline kj\u00f8lere. Bland rensel\u00f8sningen i en beholder av plast eller rustfritt st\u00e5l, med kaldt eller varmt vann ( maks 40\u00b0C). VIKTIG: Fyll beholderen med minst 1 liter vann per 50g pose f\u00f8r tilsetning. Hold vannet rennende og str\u00f8 forsiktig i pulveret. N\u00e5r pulveret er fullstendig oppl\u00f8st, pump l\u00f8sningen gjennom tappelinjen og ut i en hvit b\u00f8tte, til fremkomsten av l\u00f8sningen er lilla. La det ligge i bl\u00f8t i minst 10 minutter, fortsett deretter tappingen av den misfargede v\u00e6sken til lilla farge er synlig. Gjenta prosessen til den lilla fargen er stabil gjennom hele tappesystemet.<\/p>\n<p>Skylling: Pump friskt kaldt vann gjennom for \u00e5 skylle ut all den lilla v\u00e6sken, etterfulgt av ytterligere en liter vann. Verifiser renheten av dette vannet ved hjelp av Pipeline Rinse Water Test Papers: Dypp papiret under det rennende vannet. Hvis det er spor av Pipeline Purple Professional Beer Line Cleaning Powder i vannet, vil testpapiret bli lilla. Hvis papiret forblir rosa, gjenst\u00e5r ingen rensel\u00f8sning, og skyllingen er fullf\u00f8rt.<\/p>\n<p>Farevarsel:<\/p>\n<p>Link til sikkerhetsdatablad<\/p>","protected":false},"featured_media":17247,"comment_status":"open","ping_status":"closed","template":"","meta":[],"product_brand":[],"product_cat":[256,91],"product_tag":[],"class_list":{"0":"post-15812","1":"product","2":"type-product","3":"status-publish","4":"has-post-thumbnail","6":"product_cat-bryggeutstyr-heimabrygg","7":"product_cat-heimabrygg","9":"first","10":"instock","11":"taxable","12":"shipping-taxable","13":"purchasable","14":"product-type-simple"},"_links":{"self":[{"href":"https:\/\/vossgass.no\/en\/wp-json\/wp\/v2\/product\/15812","targetHints":{"allow":["GET"]}}],"collection":[{"href":"https:\/\/vossgass.no\/en\/wp-json\/wp\/v2\/product"}],"about":[{"href":"https:\/\/vossgass.no\/en\/wp-json\/wp\/v2\/types\/product"}],"replies":[{"embeddable":true,"href":"https:\/\/vossgass.no\/en\/wp-json\/wp\/v2\/comments?post=15812"}],"wp:featuredmedia":[{"embeddable":true,"href":"https:\/\/vossgass.no\/en\/wp-json\/wp\/v2\/media\/17247"}],"wp:attachment":[{"href":"https:\/\/vossgass.no\/en\/wp-json\/wp\/v2\/media?parent=15812"}],"wp:term":[{"taxonomy":"product_brand","embeddable":true,"href":"https:\/\/vossgass.no\/en\/wp-json\/wp\/v2\/product_brand?post=15812"},{"taxonomy":"product_cat","embeddable":true,"href":"https:\/\/vossgass.no\/en\/wp-json\/wp\/v2\/product_cat?post=15812"},{"taxonomy":"product_tag","embeddable":true,"href":"https:\/\/vossgass.no\/en\/wp-json\/wp\/v2\/product_tag?post=15812"}],"curies":[{"name":"wp","href":"https:\/\/api.w.org\/{rel}","templated":true}]}}