{"id":15811,"date":"2025-04-15T18:20:45","date_gmt":"2025-04-15T16:20:45","guid":{"rendered":"https:\/\/vossgass.no\/produkt\/lalbrew-novalager-11g\/"},"modified":"2026-04-10T10:16:42","modified_gmt":"2026-04-10T08:16:42","slug":"lalbrew-novalager-11g","status":"publish","type":"product","link":"https:\/\/vossgass.no\/en\/product\/lalbrew-novalager-11g\/","title":{"rendered":"LalBrew NovaLager 11g T\u00f8rrgj\u00e6r"},"content":{"rendered":"","protected":false},"excerpt":{"rendered":"<p>Stor nyhet fra Lallemand!<\/p>\n<p>Lalbrew NovaLager er en ny hybrid t\u00f8rrgj\u00e6r som er utviklet spesielt for \u00e5 f\u00e5 et rent lager-preg selv p\u00e5 kort tid, og er designet for \u00e5 t\u00e5le temperatur opptil 20\u00b0C!<\/p>\n<p>Flokkulering: Medium<br \/>\nAttenuering: H\u00f8y (78-84%)<br \/>\nAlkoholtoleranse: 13%<br \/>\nOptimal temperatur: 10-20\u00b0C<\/p>\n<p>LalBrew NovaLager\u2122 is a true bottom-fermenting Saccharomyces pastorianus hybrid from the novel Group III lineage that has been selected to produce clean lager beers with distinct flavor characteristics and superior fermentation performance. LalBrew NovaLager\u2122 is a robust lager strain with ideal characteristics for lager beer production including fast fermentations, high attenuation. The distinct flavor profile is very clean, slight esters over a wide temperature range. This product is the result of the research and development work of Renaissance Bioscience Corp. (Vancouver BC, Canada) in partnership with Lallemand Brewing. LalBrew NovaLager\u2122 was selected using classical and non-GMO breeding methods to obtain a novel Saccharomyces cerevisiae x Saccharomyces eubayanus hybrid strain that defines a novel Group III (Renaissance) lager lineage that is distinct from any other traditional Saccharomyces pastorianus strains. This strain is a low VDK\/diacetyl producer and utilizes patented technology from the University of California Davis (USA) that inhibits the production of hydrogen sulfide (H2S) off-flavors, therefore reducing the maturation time associated with lager beer production.<\/p>","protected":false},"featured_media":17246,"comment_status":"open","ping_status":"closed","template":"","meta":[],"product_brand":[],"product_cat":[180,91,149],"product_tag":[],"class_list":{"0":"post-15811","1":"product","2":"type-product","3":"status-publish","4":"has-post-thumbnail","6":"product_cat-gjaer","7":"product_cat-heimabrygg","8":"product_cat-ravarer","10":"first","11":"instock","12":"taxable","13":"shipping-taxable","14":"purchasable","15":"product-type-simple"},"_links":{"self":[{"href":"https:\/\/vossgass.no\/en\/wp-json\/wp\/v2\/product\/15811","targetHints":{"allow":["GET"]}}],"collection":[{"href":"https:\/\/vossgass.no\/en\/wp-json\/wp\/v2\/product"}],"about":[{"href":"https:\/\/vossgass.no\/en\/wp-json\/wp\/v2\/types\/product"}],"replies":[{"embeddable":true,"href":"https:\/\/vossgass.no\/en\/wp-json\/wp\/v2\/comments?post=15811"}],"wp:featuredmedia":[{"embeddable":true,"href":"https:\/\/vossgass.no\/en\/wp-json\/wp\/v2\/media\/17246"}],"wp:attachment":[{"href":"https:\/\/vossgass.no\/en\/wp-json\/wp\/v2\/media?parent=15811"}],"wp:term":[{"taxonomy":"product_brand","embeddable":true,"href":"https:\/\/vossgass.no\/en\/wp-json\/wp\/v2\/product_brand?post=15811"},{"taxonomy":"product_cat","embeddable":true,"href":"https:\/\/vossgass.no\/en\/wp-json\/wp\/v2\/product_cat?post=15811"},{"taxonomy":"product_tag","embeddable":true,"href":"https:\/\/vossgass.no\/en\/wp-json\/wp\/v2\/product_tag?post=15811"}],"curies":[{"name":"wp","href":"https:\/\/api.w.org\/{rel}","templated":true}]}}