{"id":15809,"date":"2025-04-15T18:20:33","date_gmt":"2025-04-15T16:20:33","guid":{"rendered":"https:\/\/vossgass.no\/produkt\/gummipropp-konisk-45x35mm-hoyde-40mm\/"},"modified":"2025-09-25T10:15:00","modified_gmt":"2025-09-25T08:15:00","slug":"gummipropp-konisk-45x35mm-hoyde-40mm","status":"publish","type":"product","link":"https:\/\/vossgass.no\/en\/product\/gummipropp-konisk-45x35mm-hoyde-40mm\/","title":{"rendered":"Gummipropp, Konisk 45x35mm H\u00f8yde 40mm"},"content":{"rendered":"","protected":false},"excerpt":{"rendered":"<p>Konisk gummipropp som g\u00e5r fra 45 til 35mm. 40mm h\u00f8y.<br \/>\nDet er et 11mm hull til gj\u00e6rl\u00e5s, men dette g\u00e5r ikke helt igjennom.<\/p>","protected":false},"featured_media":17244,"comment_status":"open","ping_status":"closed","template":"","meta":[],"product_brand":[],"product_cat":[256,91],"product_tag":[],"class_list":{"0":"post-15809","1":"product","2":"type-product","3":"status-publish","4":"has-post-thumbnail","6":"product_cat-bryggeutstyr-heimabrygg","7":"product_cat-heimabrygg","9":"first","10":"outofstock","11":"taxable","12":"shipping-taxable","13":"purchasable","14":"product-type-simple"},"_links":{"self":[{"href":"https:\/\/vossgass.no\/en\/wp-json\/wp\/v2\/product\/15809","targetHints":{"allow":["GET"]}}],"collection":[{"href":"https:\/\/vossgass.no\/en\/wp-json\/wp\/v2\/product"}],"about":[{"href":"https:\/\/vossgass.no\/en\/wp-json\/wp\/v2\/types\/product"}],"replies":[{"embeddable":true,"href":"https:\/\/vossgass.no\/en\/wp-json\/wp\/v2\/comments?post=15809"}],"wp:featuredmedia":[{"embeddable":true,"href":"https:\/\/vossgass.no\/en\/wp-json\/wp\/v2\/media\/17244"}],"wp:attachment":[{"href":"https:\/\/vossgass.no\/en\/wp-json\/wp\/v2\/media?parent=15809"}],"wp:term":[{"taxonomy":"product_brand","embeddable":true,"href":"https:\/\/vossgass.no\/en\/wp-json\/wp\/v2\/product_brand?post=15809"},{"taxonomy":"product_cat","embeddable":true,"href":"https:\/\/vossgass.no\/en\/wp-json\/wp\/v2\/product_cat?post=15809"},{"taxonomy":"product_tag","embeddable":true,"href":"https:\/\/vossgass.no\/en\/wp-json\/wp\/v2\/product_tag?post=15809"}],"curies":[{"name":"wp","href":"https:\/\/api.w.org\/{rel}","templated":true}]}}