{"id":15806,"date":"2025-04-15T18:20:01","date_gmt":"2025-04-15T16:20:01","guid":{"rendered":"https:\/\/vossgass.no\/produkt\/grun-rustfritt-stalhalsror-som-passer-k-serien-brenner-hoder-og-sievert-brenner-hoder-og-handtak\/"},"modified":"2025-09-23T12:45:38","modified_gmt":"2025-09-23T10:45:38","slug":"grun-rustfritt-stalhalsror-som-passer-k-serien-brenner-hoder-og-sievert-brenner-hoder-og-handtak","status":"publish","type":"product","link":"https:\/\/vossgass.no\/en\/product\/grun-rustfritt-stalhalsror-som-passer-k-serien-brenner-hoder-og-sievert-brenner-hoder-og-handtak\/","title":{"rendered":"Gr\u00fcn rustfritt st\u00e5lhalsr\u00f8r som passer K-Serien brenner hoder og Sievert brenner hoder og h\u00e5ndtak."},"content":{"rendered":"","protected":false},"excerpt":{"rendered":"","protected":false},"featured_media":17241,"comment_status":"open","ping_status":"closed","template":"","meta":[],"product_brand":[],"product_cat":[318,476],"product_tag":[],"class_list":{"0":"post-15806","1":"product","2":"type-product","3":"status-publish","4":"has-post-thumbnail","6":"product_cat-gass-og-gassutstyr","7":"product_cat-handbrennere","9":"first","10":"outofstock","11":"taxable","12":"shipping-taxable","13":"purchasable","14":"product-type-simple"},"_links":{"self":[{"href":"https:\/\/vossgass.no\/en\/wp-json\/wp\/v2\/product\/15806","targetHints":{"allow":["GET"]}}],"collection":[{"href":"https:\/\/vossgass.no\/en\/wp-json\/wp\/v2\/product"}],"about":[{"href":"https:\/\/vossgass.no\/en\/wp-json\/wp\/v2\/types\/product"}],"replies":[{"embeddable":true,"href":"https:\/\/vossgass.no\/en\/wp-json\/wp\/v2\/comments?post=15806"}],"wp:featuredmedia":[{"embeddable":true,"href":"https:\/\/vossgass.no\/en\/wp-json\/wp\/v2\/media\/17241"}],"wp:attachment":[{"href":"https:\/\/vossgass.no\/en\/wp-json\/wp\/v2\/media?parent=15806"}],"wp:term":[{"taxonomy":"product_brand","embeddable":true,"href":"https:\/\/vossgass.no\/en\/wp-json\/wp\/v2\/product_brand?post=15806"},{"taxonomy":"product_cat","embeddable":true,"href":"https:\/\/vossgass.no\/en\/wp-json\/wp\/v2\/product_cat?post=15806"},{"taxonomy":"product_tag","embeddable":true,"href":"https:\/\/vossgass.no\/en\/wp-json\/wp\/v2\/product_tag?post=15806"}],"curies":[{"name":"wp","href":"https:\/\/api.w.org\/{rel}","templated":true}]}}