{"id":15799,"date":"2025-04-15T18:18:35","date_gmt":"2025-04-15T16:18:35","guid":{"rendered":"https:\/\/vossgass.no\/produkt\/piknik-kran-med-skumdempende-slange-1-4-ny-forbedret-versjon\/"},"modified":"2026-04-23T15:40:58","modified_gmt":"2026-04-23T13:40:58","slug":"piknik-kran-med-skumdempende-slange-1-4-ny-forbedret-versjon","status":"publish","type":"product","link":"https:\/\/vossgass.no\/en\/product\/piknik-kran-med-skumdempende-slange-1-4-ny-forbedret-versjon\/","title":{"rendered":"Piknik-kran med skumdempende slange 1\/4. Ny forbedret versjon!"},"content":{"rendered":"","protected":false},"excerpt":{"rendered":"<p>Ny forbedret utgave. Indre diameter(3mm) p\u00e5 1\/4&#8243; EVABarrier \u00f8lslange er den samme som p\u00e5 3\/16&#8243; \u00f8lslange, men med en ekstra isolerende effekt!<\/p>\n<p>Har du et fat med overkarbonert \u00f8l, eller sliter med for mye skum ved tapping? Da er dette redningen. En ekstra tynn \u00f8lslange lar deg tappe av \u00f8l som ellers vil skumme mye. Denne anbefales til alle som flytter mye p\u00e5 fatet, eller skal ha med seg et fat p\u00e5 hytta eller lignende.<\/p>","protected":false},"featured_media":17234,"comment_status":"open","ping_status":"closed","template":"","meta":[],"product_brand":[],"product_cat":[256,91],"product_tag":[],"class_list":{"0":"post-15799","1":"product","2":"type-product","3":"status-publish","4":"has-post-thumbnail","6":"product_cat-bryggeutstyr-heimabrygg","7":"product_cat-heimabrygg","9":"first","10":"instock","11":"taxable","12":"shipping-taxable","13":"purchasable","14":"product-type-simple"},"_links":{"self":[{"href":"https:\/\/vossgass.no\/en\/wp-json\/wp\/v2\/product\/15799","targetHints":{"allow":["GET"]}}],"collection":[{"href":"https:\/\/vossgass.no\/en\/wp-json\/wp\/v2\/product"}],"about":[{"href":"https:\/\/vossgass.no\/en\/wp-json\/wp\/v2\/types\/product"}],"replies":[{"embeddable":true,"href":"https:\/\/vossgass.no\/en\/wp-json\/wp\/v2\/comments?post=15799"}],"wp:featuredmedia":[{"embeddable":true,"href":"https:\/\/vossgass.no\/en\/wp-json\/wp\/v2\/media\/17234"}],"wp:attachment":[{"href":"https:\/\/vossgass.no\/en\/wp-json\/wp\/v2\/media?parent=15799"}],"wp:term":[{"taxonomy":"product_brand","embeddable":true,"href":"https:\/\/vossgass.no\/en\/wp-json\/wp\/v2\/product_brand?post=15799"},{"taxonomy":"product_cat","embeddable":true,"href":"https:\/\/vossgass.no\/en\/wp-json\/wp\/v2\/product_cat?post=15799"},{"taxonomy":"product_tag","embeddable":true,"href":"https:\/\/vossgass.no\/en\/wp-json\/wp\/v2\/product_tag?post=15799"}],"curies":[{"name":"wp","href":"https:\/\/api.w.org\/{rel}","templated":true}]}}