{"id":15798,"date":"2025-04-15T18:18:25","date_gmt":"2025-04-15T16:18:25","guid":{"rendered":"https:\/\/vossgass.no\/produkt\/fermzilla-pressure-kit-trykksett-til-fermzilla-gjaeringstanker\/"},"modified":"2026-04-01T22:44:03","modified_gmt":"2026-04-01T20:44:03","slug":"fermzilla-pressure-kit-trykksett-til-fermzilla-gjaeringstanker","status":"publish","type":"product","link":"https:\/\/vossgass.no\/en\/product\/fermzilla-pressure-kit-trykksett-til-fermzilla-gjaeringstanker\/","title":{"rendered":"Fermzilla Pressure Kit trykksett til FermZilla gj\u00e6ringstanker"},"content":{"rendered":"","protected":false},"excerpt":{"rendered":"<p>Denne oppgraderingen gj\u00f8r at du utnytter FermZilla til sitt fulle. Med dette trykksettet gj\u00f8r du om FermZilla&#8217;en til en fullverdig gj\u00e6ringstank. Her kan du gj\u00e6re, trykksette og servere fra en og samme tank!<\/p>\n<p>Med ball lock koblinger kan du enkelt s\u00f8rge for helt oksygenfri overf\u00f8ring fra gj\u00e6ringstanken til corneliusfatet.<\/p>\n<p>Dette settet inneholder 2 stk Plast ball lock tilkoblinger for FermZilla og en flyteball i rustfritt st\u00e5l, med 80cm silikonslange.<\/p>","protected":false},"featured_media":17233,"comment_status":"open","ping_status":"closed","template":"","meta":[],"product_brand":[],"product_cat":[256,91],"product_tag":[],"class_list":{"0":"post-15798","1":"product","2":"type-product","3":"status-publish","4":"has-post-thumbnail","6":"product_cat-bryggeutstyr-heimabrygg","7":"product_cat-heimabrygg","9":"first","10":"instock","11":"taxable","12":"shipping-taxable","13":"purchasable","14":"product-type-simple"},"_links":{"self":[{"href":"https:\/\/vossgass.no\/en\/wp-json\/wp\/v2\/product\/15798","targetHints":{"allow":["GET"]}}],"collection":[{"href":"https:\/\/vossgass.no\/en\/wp-json\/wp\/v2\/product"}],"about":[{"href":"https:\/\/vossgass.no\/en\/wp-json\/wp\/v2\/types\/product"}],"replies":[{"embeddable":true,"href":"https:\/\/vossgass.no\/en\/wp-json\/wp\/v2\/comments?post=15798"}],"wp:featuredmedia":[{"embeddable":true,"href":"https:\/\/vossgass.no\/en\/wp-json\/wp\/v2\/media\/17233"}],"wp:attachment":[{"href":"https:\/\/vossgass.no\/en\/wp-json\/wp\/v2\/media?parent=15798"}],"wp:term":[{"taxonomy":"product_brand","embeddable":true,"href":"https:\/\/vossgass.no\/en\/wp-json\/wp\/v2\/product_brand?post=15798"},{"taxonomy":"product_cat","embeddable":true,"href":"https:\/\/vossgass.no\/en\/wp-json\/wp\/v2\/product_cat?post=15798"},{"taxonomy":"product_tag","embeddable":true,"href":"https:\/\/vossgass.no\/en\/wp-json\/wp\/v2\/product_tag?post=15798"}],"curies":[{"name":"wp","href":"https:\/\/api.w.org\/{rel}","templated":true}]}}