{"id":15795,"date":"2025-04-15T18:17:58","date_gmt":"2025-04-15T16:17:58","guid":{"rendered":"https:\/\/vossgass.no\/produkt\/fwk-belgisk-blond-fresh-wort-kit\/"},"modified":"2026-02-10T10:11:18","modified_gmt":"2026-02-10T09:11:18","slug":"fwk-belgisk-blond-fresh-wort-kit","status":"publish","type":"product","link":"https:\/\/vossgass.no\/en\/product\/fwk-belgisk-blond-fresh-wort-kit\/","title":{"rendered":"FWK Belgisk Blond Fresh Wort Kit"},"content":{"rendered":"","protected":false},"excerpt":{"rendered":"<p>FRESH WORT KIT! &#8211; Til deg som vil brygge godt \u00f8l, men ikke har tid eller plass til allgrain brygging.<br \/>\nHer har vi kort forklart brygget \u00f8lsettet for deg, slik at du kun trenger \u00e5 gj\u00e6re og tappe \u00f8let. Les mer om Fresh Wort Kit her<\/p>\n<p>Belgisk Blond<br \/>\nBlonde er en lys belgisk ale med en forholdsvis lett belgisk karakter. Middels s\u00f8tlig maltsmak, med karakter av karamell og br\u00f8dskorpe. Belgisk gj\u00e6rpreg, som kan minne om banan, ananas, krydder og litt syrlighet. Passer godt til sj\u00f8mat.<\/p>","protected":false},"featured_media":17230,"comment_status":"open","ping_status":"closed","template":"","meta":[],"product_brand":[],"product_cat":[621,91,259],"product_tag":[],"class_list":{"0":"post-15795","1":"product","2":"type-product","3":"status-publish","4":"has-post-thumbnail","6":"product_cat-fresh-wort-sett-fwk","7":"product_cat-heimabrygg","8":"product_cat-ol-cidersett","9":"product_shipping_class-kan-ikke-sendes","11":"first","12":"outofstock","13":"taxable","14":"shipping-taxable","15":"purchasable","16":"product-type-simple"},"_links":{"self":[{"href":"https:\/\/vossgass.no\/en\/wp-json\/wp\/v2\/product\/15795","targetHints":{"allow":["GET"]}}],"collection":[{"href":"https:\/\/vossgass.no\/en\/wp-json\/wp\/v2\/product"}],"about":[{"href":"https:\/\/vossgass.no\/en\/wp-json\/wp\/v2\/types\/product"}],"replies":[{"embeddable":true,"href":"https:\/\/vossgass.no\/en\/wp-json\/wp\/v2\/comments?post=15795"}],"wp:featuredmedia":[{"embeddable":true,"href":"https:\/\/vossgass.no\/en\/wp-json\/wp\/v2\/media\/17230"}],"wp:attachment":[{"href":"https:\/\/vossgass.no\/en\/wp-json\/wp\/v2\/media?parent=15795"}],"wp:term":[{"taxonomy":"product_brand","embeddable":true,"href":"https:\/\/vossgass.no\/en\/wp-json\/wp\/v2\/product_brand?post=15795"},{"taxonomy":"product_cat","embeddable":true,"href":"https:\/\/vossgass.no\/en\/wp-json\/wp\/v2\/product_cat?post=15795"},{"taxonomy":"product_tag","embeddable":true,"href":"https:\/\/vossgass.no\/en\/wp-json\/wp\/v2\/product_tag?post=15795"}],"curies":[{"name":"wp","href":"https:\/\/api.w.org\/{rel}","templated":true}]}}