{"id":15794,"date":"2025-04-15T18:17:53","date_gmt":"2025-04-15T16:17:53","guid":{"rendered":"https:\/\/vossgass.no\/produkt\/double-fred-kjole-og-fryseboks-38-liter\/"},"modified":"2026-02-23T10:59:59","modified_gmt":"2026-02-23T09:59:59","slug":"double-fred-kjole-og-fryseboks-38-liter","status":"publish","type":"product","link":"https:\/\/vossgass.no\/en\/product\/double-fred-kjole-og-fryseboks-38-liter\/","title":{"rendered":"Double Fred kj\u00f8le og fryseboks 38 liter"},"content":{"rendered":"","protected":false},"excerpt":{"rendered":"<p>Double Fred er en praktisk kj\u00f8l-\/fryseboks. Det er ikke bare en kj\u00f8ler, men den kan ogs\u00e5 fryse. Dessuten, fordi Double Fred har to rom, kan du velge \u00e5 la dem b\u00e5de kj\u00f8le eller fryse, eller \u00e5 ha den ene kj\u00f8lig og den andre fryse.<\/p>\n<p>Med det intuitive displayet setter du temperaturen ned til -20 \u00baC. Og fordi Fred har en kompressor, vil du ikke f\u00e5 kondens. Dessuten, hvis du har noe fuktighet i kj\u00f8leren p\u00e5 grunn av produktene du legger i den, kan du enkelt t\u00f8mme det via dreneringspluggen nederst p\u00e5 boksen.<\/p>\n<p>Double Fred g\u00e5r s\u00e5klart p\u00e5 str\u00f8m og kan kobles direkte til stikkontakten eller i bilen eller b\u00e5ten takket v\u00e6re den medf\u00f8lgende 230 volt og 12\/24 volt adapteret. Fordi Fred ogs\u00e5 fungerer med 12\/24 volt-adapteret, betyr det at du ikke vil lide av kondens i bilen eller b\u00e5ten heller.<\/p>\n<p>Dessuten har Double Fred noen ekstra funksjoner for \u00e5 gj\u00f8re utend\u00f8rseventyret ditt enda mer komfortabelt. Fred har automatisk innvendig belysning, slik at du kan se hva du tar ut av boksen selv n\u00e5r det er m\u00f8rkt. P\u00e5 siden er det en flaske\u00e5pner og n\u00e6r displayet er det en USB-port p\u00e5 2,1A for lading av telefon og andre enheter. N\u00e5r du retter ut h\u00e5ndtakene til Double Fred, kan du sette en parasoll inn i hullet, slik at du kan nyte noe kaldt i skyggen.<\/p>\n<p>Fred har en total kapasitet p\u00e5 38 liter, med ett 25-liters og ett 13-liters rom. Det betyr at den har plass til opptil 12 bokser pluss 6 stk 1,5-liters flasker!<br \/>\nDouble Fred er utstyrt med batterivakt. Dette sikrer at kj\u00f8ret\u00f8yets batteri ikke lades ut til ett kritiskt niv\u00e5. Man kan velge h\u00f8y, medium eller lav batteribeskyttelse og status av kj\u00f8ret\u00f8yets batteri.<\/p>\n<p>Styrings display: Ja<br \/>\nAntall kj\u00f8l\/fryserom: 2<br \/>\nTotal st\u00f8rrelse: 38 liter<br \/>\nSt\u00f8rrelse kj\u00f8le\/fryse rom: 13 + 25 liter<br \/>\nKontrollpanel<br \/>\nMaks lydniv\u00e5: 45 dBA<br \/>\nKompressor<br \/>\nECO-modus: Ja<br \/>\nBelysning: Ja<br \/>\nUSB-port: Ja, 5V 2,1A<br \/>\nFlaske\u00e5pner: Nei<br \/>\nHjul: Nei<br \/>\nMedf\u00f8lgende tilbeh\u00f8r: 12\/24V adapter og 230V adapter<br \/>\nDimensjoner: 36,4 x 63 x 47 cm<br \/>\nVekt: 13,3 kg<br \/>\nTilkoblingsspenning: 12V\/24V, 220-240\/50-60 V\/Hz<br \/>\nEnergiklasse F<br \/>\nGaranti 2 \u00e5r<br \/>\nStr\u00f8mforbruk 60 W<\/p>","protected":false},"featured_media":17229,"comment_status":"open","ping_status":"closed","template":"","meta":[],"product_brand":[],"product_cat":[260,292],"product_tag":[],"class_list":{"0":"post-15794","1":"product","2":"type-product","3":"status-publish","4":"has-post-thumbnail","6":"product_cat-hytte-camping-fritid","7":"product_cat-kjokken-gass","9":"first","10":"instock","11":"taxable","12":"shipping-taxable","13":"purchasable","14":"product-type-simple"},"_links":{"self":[{"href":"https:\/\/vossgass.no\/en\/wp-json\/wp\/v2\/product\/15794","targetHints":{"allow":["GET"]}}],"collection":[{"href":"https:\/\/vossgass.no\/en\/wp-json\/wp\/v2\/product"}],"about":[{"href":"https:\/\/vossgass.no\/en\/wp-json\/wp\/v2\/types\/product"}],"replies":[{"embeddable":true,"href":"https:\/\/vossgass.no\/en\/wp-json\/wp\/v2\/comments?post=15794"}],"wp:featuredmedia":[{"embeddable":true,"href":"https:\/\/vossgass.no\/en\/wp-json\/wp\/v2\/media\/17229"}],"wp:attachment":[{"href":"https:\/\/vossgass.no\/en\/wp-json\/wp\/v2\/media?parent=15794"}],"wp:term":[{"taxonomy":"product_brand","embeddable":true,"href":"https:\/\/vossgass.no\/en\/wp-json\/wp\/v2\/product_brand?post=15794"},{"taxonomy":"product_cat","embeddable":true,"href":"https:\/\/vossgass.no\/en\/wp-json\/wp\/v2\/product_cat?post=15794"},{"taxonomy":"product_tag","embeddable":true,"href":"https:\/\/vossgass.no\/en\/wp-json\/wp\/v2\/product_tag?post=15794"}],"curies":[{"name":"wp","href":"https:\/\/api.w.org\/{rel}","templated":true}]}}