{"id":15791,"date":"2025-04-15T18:17:14","date_gmt":"2025-04-15T16:17:14","guid":{"rendered":"https:\/\/vossgass.no\/produkt\/outsider-gassovn-2000-w\/"},"modified":"2026-02-23T11:11:47","modified_gmt":"2026-02-23T10:11:47","slug":"outsider-gassovn-2000-w","status":"publish","type":"product","link":"https:\/\/vossgass.no\/en\/product\/outsider-gassovn-2000-w\/","title":{"rendered":"Outsider gassovn 2000 W"},"content":{"rendered":"","protected":false},"excerpt":{"rendered":"<p>Ideell for camping Ingen str\u00f8m kreves Lett og b\u00e6rbar<br \/>\nOutsider er en str\u00e5levarmer som skal kun brukes utend\u00f8rs. En lett ramme og stort h\u00e5ndtak gj\u00f8r Outsider enkel \u00e5 b\u00e6re. Dette gj\u00f8r gassvarmeren ideell for camping, fjell eller fisketurer.<\/p>\n<p>Outsideren kj\u00f8rer p\u00e5 en gassboks med en propan\/butanblanding. Denne gassboksen m\u00e5 ha en skrukobling av typen ventilboksgjenger, 7\/16&#8243; (EN417). Selve varmeren har en oksygensensor (ODS), som m\u00e5ler om det fortsatt er nok oksygen. Hvis ikke, s\u00e5 stenger den gasstilf\u00f8rselen. Outsideren har ogs\u00e5 flammevakt som stenger gasstilf\u00f8rselen hvis flammen slukkes.<\/p>\n<p>Outsider en trygg, b\u00e6rbar varmeovn som vil bli din beste venn p\u00e5 alle dine turer utend\u00f8rs.<\/p>\n<p>Flammevakt<br \/>\nOksygensensor (ODS)<br \/>\nKun for utend\u00f8rs bruk<br \/>\nBrukes kun i st\u00e5ende retning<br \/>\nPiezo tenning: Ja<br \/>\nTilkobling: 7\/16&#8243; (EN417)<br \/>\nBrensel: Butan, propan miks<br \/>\nForbruk 112 gr\/t p\u00e5 maks<br \/>\nMaks effekt: 2000 watt<br \/>\nSt\u00f8rrelse: 19,1 x 33,8 x 39,4 cm<br \/>\nVekt 4,3 kg<\/p>\n<p>Denne kan ogs\u00e5 brukes med stor flaske. Da trengs regulatorsett 166120 i tillegg.<\/p>","protected":false},"featured_media":17226,"comment_status":"open","ping_status":"closed","template":"","meta":[],"product_brand":[],"product_cat":[626,260,262],"product_tag":[],"class_list":{"0":"post-15791","1":"product","2":"type-product","3":"status-publish","4":"has-post-thumbnail","6":"product_cat-gassovner","7":"product_cat-hytte-camping-fritid","8":"product_cat-oppvarming-hytte-camping-fritid-2","10":"first","11":"instock","12":"taxable","13":"shipping-taxable","14":"purchasable","15":"product-type-simple"},"_links":{"self":[{"href":"https:\/\/vossgass.no\/en\/wp-json\/wp\/v2\/product\/15791","targetHints":{"allow":["GET"]}}],"collection":[{"href":"https:\/\/vossgass.no\/en\/wp-json\/wp\/v2\/product"}],"about":[{"href":"https:\/\/vossgass.no\/en\/wp-json\/wp\/v2\/types\/product"}],"replies":[{"embeddable":true,"href":"https:\/\/vossgass.no\/en\/wp-json\/wp\/v2\/comments?post=15791"}],"wp:featuredmedia":[{"embeddable":true,"href":"https:\/\/vossgass.no\/en\/wp-json\/wp\/v2\/media\/17226"}],"wp:attachment":[{"href":"https:\/\/vossgass.no\/en\/wp-json\/wp\/v2\/media?parent=15791"}],"wp:term":[{"taxonomy":"product_brand","embeddable":true,"href":"https:\/\/vossgass.no\/en\/wp-json\/wp\/v2\/product_brand?post=15791"},{"taxonomy":"product_cat","embeddable":true,"href":"https:\/\/vossgass.no\/en\/wp-json\/wp\/v2\/product_cat?post=15791"},{"taxonomy":"product_tag","embeddable":true,"href":"https:\/\/vossgass.no\/en\/wp-json\/wp\/v2\/product_tag?post=15791"}],"curies":[{"name":"wp","href":"https:\/\/api.w.org\/{rel}","templated":true}]}}