{"id":15789,"date":"2025-04-15T18:16:43","date_gmt":"2025-04-15T16:16:43","guid":{"rendered":"https:\/\/vossgass.no\/produkt\/cadac-gasskjokken-2-cook-3-turbo-med-flammevakt\/"},"modified":"2025-10-13T11:44:54","modified_gmt":"2025-10-13T09:44:54","slug":"cadac-gasskjokken-2-cook-3-turbo-med-flammevakt","status":"publish","type":"product","link":"https:\/\/vossgass.no\/en\/product\/cadac-gasskjokken-2-cook-3-turbo-med-flammevakt\/","title":{"rendered":"Cadac gasskj\u00f8kken 2-cook 3 Turbo. Med flammevakt."},"content":{"rendered":"","protected":false},"excerpt":{"rendered":"<p>Cadac 2 Cook 3 Turbo har en intern flammebrenner som gir h\u00f8yere varmeeffekt p\u00e5 kokeoverflaten og raskere oppvarmingstid. Flammebrennerne er plassert lavere i bunnen av ovnen, noe som gir en tynnere design som er mindre p\u00e5virket av vindforhold. Hver brenner drives uavhengig med en kontrollknapp og piezotenning. 2 Cook 3 Turbo er utstyrt med en tenningssikring (FFD) som stenger av gasstr\u00f8mmen ved lave flammer (for \u00f8kt sikkerhet) og er derfor trygg \u00e5 bruke innend\u00f8rs. Gummif\u00f8tter hindrer gasskj\u00f8kken i \u00e5 skli. Gasskj\u00f8kken har l\u00e5sbart lokk og kan oppbevares etter bruk i den medf\u00f8lgende praktiske vesken.<\/p>\n<p>\u2022 M\u00e5l (BxHxD): 550 x 90 x 307 mm.<\/p>\n<p>\u2022 Grillflater: 2 x 25 x 27 cm.<\/p>\n<p>\u2022 Varmeeffekt: 2 x 2,2 kW.<\/p>\n<p>\u2022 LPG forbruk: 2 x 160 g\/t.<\/p>\n<p>\u2022 Vekt: 3,9 kg.<\/p>","protected":false},"featured_media":18362,"comment_status":"open","ping_status":"closed","template":"","meta":[],"product_brand":[],"product_cat":[260,292],"product_tag":[],"class_list":{"0":"post-15789","1":"product","2":"type-product","3":"status-publish","4":"has-post-thumbnail","6":"product_cat-hytte-camping-fritid","7":"product_cat-kjokken-gass","9":"first","10":"outofstock","11":"taxable","12":"shipping-taxable","13":"purchasable","14":"product-type-simple"},"_links":{"self":[{"href":"https:\/\/vossgass.no\/en\/wp-json\/wp\/v2\/product\/15789","targetHints":{"allow":["GET"]}}],"collection":[{"href":"https:\/\/vossgass.no\/en\/wp-json\/wp\/v2\/product"}],"about":[{"href":"https:\/\/vossgass.no\/en\/wp-json\/wp\/v2\/types\/product"}],"replies":[{"embeddable":true,"href":"https:\/\/vossgass.no\/en\/wp-json\/wp\/v2\/comments?post=15789"}],"wp:featuredmedia":[{"embeddable":true,"href":"https:\/\/vossgass.no\/en\/wp-json\/wp\/v2\/media\/18362"}],"wp:attachment":[{"href":"https:\/\/vossgass.no\/en\/wp-json\/wp\/v2\/media?parent=15789"}],"wp:term":[{"taxonomy":"product_brand","embeddable":true,"href":"https:\/\/vossgass.no\/en\/wp-json\/wp\/v2\/product_brand?post=15789"},{"taxonomy":"product_cat","embeddable":true,"href":"https:\/\/vossgass.no\/en\/wp-json\/wp\/v2\/product_cat?post=15789"},{"taxonomy":"product_tag","embeddable":true,"href":"https:\/\/vossgass.no\/en\/wp-json\/wp\/v2\/product_tag?post=15789"}],"curies":[{"name":"wp","href":"https:\/\/api.w.org\/{rel}","templated":true}]}}