{"id":15786,"date":"2025-04-15T18:16:05","date_gmt":"2025-04-15T16:16:05","guid":{"rendered":"https:\/\/vossgass.no\/produkt\/frostvaeske-antifrost-natur-4-liter\/"},"modified":"2026-03-17T10:56:11","modified_gmt":"2026-03-17T09:56:11","slug":"frostvaeske-antifrost-natur-4-liter","status":"publish","type":"product","link":"https:\/\/vossgass.no\/en\/product\/frostvaeske-antifrost-natur-4-liter\/","title":{"rendered":"Frostv\u00e6ske Antifrost Natur. 4 liter"},"content":{"rendered":"","protected":false},"excerpt":{"rendered":"<p>Frostv\u00e6ske Antifrost Natur forhindrer frost og isdannelse i vannsystemer utsatt for frost under vinterlagring. Antifrost Natur beskytter ogs\u00e5 mot vond lukt som oppst\u00e5r i disse systemene. Antifrost Natur er basert p\u00e5 monopropylenglykol og har sv\u00e6rt lav toksisitet sammenlignet med tradisjonelle kj\u00f8lev\u00e6sker basert p\u00e5 etylenglykol. Den er derfor egnet for bruk i milj\u00f8er hvor det er fare for kj\u00f8lev\u00e6ske som lekker ut i milj\u00f8et. Produktet inneholder ingen tilsetningsstoffer og v\u00e6sken er luktfri.<\/p>\n<p>Bruk<\/p>\n<p>Antifrost Natur brukes med fordel som frostv\u00e6ske ved vinterlagring i for eksempel sommerhytta, campingvognen, bobilen, bussen og b\u00e5ten. Produktet er en utmerket frysebeskyttelse under vinterlagring av vannkj\u00f8lte motorer. Antifrost Natur kan brukes i VVS-anlegg for \u00e5 hindre frost i r\u00f8r, avl\u00f8p, vannl\u00e5ser, toaletter og vanntanker. I tillegg beskytter Antifrost Natur mot vond lukt fra gulvsluk og sluk. Antifrost Natur er ikke ment som kj\u00f8lev\u00e6ske ved drift av vannkj\u00f8lte motorer!<\/p>\n<p>Konsentrert v\u00e6ske for fortynning i henhold til:<\/p>\n<p>\u2022  50 grader &#8211; 60% frostv\u00e6ske + 40% vann.<\/p>\n<p>\u2022  31 grader &#8211; 50% frostv\u00e6ske + 50% vann.<\/p>\n<p>\u2022  23 grader &#8211; 40% frostv\u00e6ske + 60% vann.<\/p>\n<p>\u2022  14 grader &#8211; 30% frostv\u00e6ske + 70% vann.<\/p>\n<p>\u2022  8 grader &#8211; 20% frostv\u00e6ske + 80% vann.<\/p>","protected":false},"featured_media":17221,"comment_status":"open","ping_status":"closed","template":"","meta":[],"product_brand":[],"product_cat":[630,260],"product_tag":[],"class_list":{"0":"post-15786","1":"product","2":"type-product","3":"status-publish","4":"has-post-thumbnail","6":"product_cat-camping-bobilutsyr","7":"product_cat-hytte-camping-fritid","9":"first","10":"instock","11":"taxable","12":"shipping-taxable","13":"purchasable","14":"product-type-simple"},"_links":{"self":[{"href":"https:\/\/vossgass.no\/en\/wp-json\/wp\/v2\/product\/15786","targetHints":{"allow":["GET"]}}],"collection":[{"href":"https:\/\/vossgass.no\/en\/wp-json\/wp\/v2\/product"}],"about":[{"href":"https:\/\/vossgass.no\/en\/wp-json\/wp\/v2\/types\/product"}],"replies":[{"embeddable":true,"href":"https:\/\/vossgass.no\/en\/wp-json\/wp\/v2\/comments?post=15786"}],"wp:featuredmedia":[{"embeddable":true,"href":"https:\/\/vossgass.no\/en\/wp-json\/wp\/v2\/media\/17221"}],"wp:attachment":[{"href":"https:\/\/vossgass.no\/en\/wp-json\/wp\/v2\/media?parent=15786"}],"wp:term":[{"taxonomy":"product_brand","embeddable":true,"href":"https:\/\/vossgass.no\/en\/wp-json\/wp\/v2\/product_brand?post=15786"},{"taxonomy":"product_cat","embeddable":true,"href":"https:\/\/vossgass.no\/en\/wp-json\/wp\/v2\/product_cat?post=15786"},{"taxonomy":"product_tag","embeddable":true,"href":"https:\/\/vossgass.no\/en\/wp-json\/wp\/v2\/product_tag?post=15786"}],"curies":[{"name":"wp","href":"https:\/\/api.w.org\/{rel}","templated":true}]}}