{"id":15776,"date":"2025-04-15T18:13:41","date_gmt":"2025-04-15T16:13:41","guid":{"rendered":"https:\/\/vossgass.no\/produkt\/enders-bakeovn-vamo\/"},"modified":"2026-02-23T13:24:41","modified_gmt":"2026-02-23T12:24:41","slug":"enders-bakeovn-vamo","status":"publish","type":"product","link":"https:\/\/vossgass.no\/en\/product\/enders-bakeovn-vamo\/","title":{"rendered":"Enders Bakeovn Vamo"},"content":{"rendered":"","protected":false},"excerpt":{"rendered":"<p>Enders sin mobile ovn VAMO!<\/p>\n<p>Oppdag friheten ved \u00e5 bake og lage mat mens du er p\u00e5 farten med den allsidige mobile ovnen Enders Vamo. Enten du vil tilberede ferskt br\u00f8d, gode gryteretter, ferske rundstykker eller deilige kaker mens du er p\u00e5 campingeventyret &#8211; VAMO er den ideelle l\u00f8sningen.<\/p>\n<p>Den kan brukes p\u00e5 en rekke m\u00e5ter: bruk den sammen med komfyrer, griller eller kokeplater (ikke induksjon) for en fleksibel uteservering. Med en stor kapasitet p\u00e5 ca. 2,3 liter gir den nok plass til dine kreative matlagingsideer.<\/p>\n<p>N\u00f8yaktig temperaturkontroll er avgj\u00f8rende, og derfor har den VAMO et integrert termometer i lokket. P\u00e5 denne m\u00e5ten har du alltid kontroll over forholdene og du oppn\u00e5r perfekte resultater.<\/p>\n<p>Som ekstrautstyr er en bakerist inkludert for \u00e5 utvide dine kulinariske alternativer ytterligere.<\/p>\n<p>Allsidig mobilovn for baking og steking med over- og undervarme<br \/>\nPerfekt for ferskt br\u00f8d, gryteretter og kaker p\u00e5 camping<br \/>\nKompatibel med komfyrer, griller og kokeplater<br \/>\nKeramisk belegg forhindrer at maten setter seg fast (LFGB-sertifisert)<br \/>\nIntegrert termometer for presis temperaturkontroll; Inkluderer bakerist<\/p>","protected":false},"featured_media":17212,"comment_status":"open","ping_status":"closed","template":"","meta":[],"product_brand":[],"product_cat":[260,292],"product_tag":[],"class_list":{"0":"post-15776","1":"product","2":"type-product","3":"status-publish","4":"has-post-thumbnail","6":"product_cat-hytte-camping-fritid","7":"product_cat-kjokken-gass","9":"first","10":"instock","11":"taxable","12":"shipping-taxable","13":"purchasable","14":"product-type-simple"},"_links":{"self":[{"href":"https:\/\/vossgass.no\/en\/wp-json\/wp\/v2\/product\/15776","targetHints":{"allow":["GET"]}}],"collection":[{"href":"https:\/\/vossgass.no\/en\/wp-json\/wp\/v2\/product"}],"about":[{"href":"https:\/\/vossgass.no\/en\/wp-json\/wp\/v2\/types\/product"}],"replies":[{"embeddable":true,"href":"https:\/\/vossgass.no\/en\/wp-json\/wp\/v2\/comments?post=15776"}],"wp:featuredmedia":[{"embeddable":true,"href":"https:\/\/vossgass.no\/en\/wp-json\/wp\/v2\/media\/17212"}],"wp:attachment":[{"href":"https:\/\/vossgass.no\/en\/wp-json\/wp\/v2\/media?parent=15776"}],"wp:term":[{"taxonomy":"product_brand","embeddable":true,"href":"https:\/\/vossgass.no\/en\/wp-json\/wp\/v2\/product_brand?post=15776"},{"taxonomy":"product_cat","embeddable":true,"href":"https:\/\/vossgass.no\/en\/wp-json\/wp\/v2\/product_cat?post=15776"},{"taxonomy":"product_tag","embeddable":true,"href":"https:\/\/vossgass.no\/en\/wp-json\/wp\/v2\/product_tag?post=15776"}],"curies":[{"name":"wp","href":"https:\/\/api.w.org\/{rel}","templated":true}]}}