{"id":15772,"date":"2025-04-15T18:12:52","date_gmt":"2025-04-15T16:12:52","guid":{"rendered":"https:\/\/vossgass.no\/produkt\/fwk-kolsch-fresh-wort-kit-ferdig-brygget-vorter-til-20l-ol\/"},"modified":"2026-04-11T02:24:19","modified_gmt":"2026-04-11T00:24:19","slug":"fwk-kolsch-fresh-wort-kit-ferdig-brygget-vorter-til-20l-ol","status":"publish","type":"product","link":"https:\/\/vossgass.no\/en\/product\/fwk-kolsch-fresh-wort-kit-ferdig-brygget-vorter-til-20l-ol\/","title":{"rendered":"FWK K\u00f6lsch Fresh Wort Kit, Ferdig brygget v\u00f8rter til 20L \u00f8l"},"content":{"rendered":"","protected":false},"excerpt":{"rendered":"<p>FRESH WORT KIT! &#8211; Til deg som vil brygge godt \u00f8l, men ikke har tid eller plass til allgrain brygging.<br \/>\nHer har vi kort forklart brygget \u00f8lsettet for deg, slik at du kun trenger \u00e5 gj\u00e6re og tappe \u00f8let. Les mer om Fresh Wort Kit her<\/p>\n<p>K\u00f8lsch er en klassisk tysk ale fra K\u00f6ln, og er et lyst og friskt \u00f8l med middels humlebitterhet og t\u00f8rr finish.<\/p>","protected":false},"featured_media":17209,"comment_status":"open","ping_status":"closed","template":"","meta":[],"product_brand":[],"product_cat":[621,91,259],"product_tag":[],"class_list":{"0":"post-15772","1":"product","2":"type-product","3":"status-publish","4":"has-post-thumbnail","6":"product_cat-fresh-wort-sett-fwk","7":"product_cat-heimabrygg","8":"product_cat-ol-cidersett","9":"product_shipping_class-kan-ikke-sendes","11":"first","12":"instock","13":"featured","14":"taxable","15":"shipping-taxable","16":"purchasable","17":"product-type-simple"},"_links":{"self":[{"href":"https:\/\/vossgass.no\/en\/wp-json\/wp\/v2\/product\/15772","targetHints":{"allow":["GET"]}}],"collection":[{"href":"https:\/\/vossgass.no\/en\/wp-json\/wp\/v2\/product"}],"about":[{"href":"https:\/\/vossgass.no\/en\/wp-json\/wp\/v2\/types\/product"}],"replies":[{"embeddable":true,"href":"https:\/\/vossgass.no\/en\/wp-json\/wp\/v2\/comments?post=15772"}],"wp:featuredmedia":[{"embeddable":true,"href":"https:\/\/vossgass.no\/en\/wp-json\/wp\/v2\/media\/17209"}],"wp:attachment":[{"href":"https:\/\/vossgass.no\/en\/wp-json\/wp\/v2\/media?parent=15772"}],"wp:term":[{"taxonomy":"product_brand","embeddable":true,"href":"https:\/\/vossgass.no\/en\/wp-json\/wp\/v2\/product_brand?post=15772"},{"taxonomy":"product_cat","embeddable":true,"href":"https:\/\/vossgass.no\/en\/wp-json\/wp\/v2\/product_cat?post=15772"},{"taxonomy":"product_tag","embeddable":true,"href":"https:\/\/vossgass.no\/en\/wp-json\/wp\/v2\/product_tag?post=15772"}],"curies":[{"name":"wp","href":"https:\/\/api.w.org\/{rel}","templated":true}]}}