{"id":15768,"date":"2025-04-15T18:12:00","date_gmt":"2025-04-15T16:12:00","guid":{"rendered":"https:\/\/vossgass.no\/produkt\/flaskevekt-m-bluetooth-igasview\/"},"modified":"2026-04-04T13:20:09","modified_gmt":"2026-04-04T11:20:09","slug":"flaskevekt-m-bluetooth-igasview","status":"publish","type":"product","link":"https:\/\/vossgass.no\/en\/product\/flaskevekt-m-bluetooth-igasview\/","title":{"rendered":"Flaskevekt m\/bluetooth. iGasView"},"content":{"rendered":"","protected":false},"excerpt":{"rendered":"<p>iGasview er en batteridrevet gass-vekt som gir deg full kontroll over gass-forbruket ditt. Digital gassvekt for propangassflasker 5 &#8211; 11 kg for niv\u00e5m\u00e5ling og overv\u00e5king av gassforbruk! Last ned GasOkey-appen for smarttelefonen din for \u00e5 overv\u00e5ke gassniv\u00e5et. Appen beregner n\u00e5r gassen forventes \u00e5 g\u00e5 tom, slik at du kan planlegge gassp\u00e5fyllingen. PASSER for 5 kg, 10 kg og 11 kg propangassflasker med en maksimal diameter p\u00e5 30 cm og en h\u00f8yde p\u00e5 opptil 67 cm laget av st\u00e5l, aluminium, kompositt (som er mest brukt i Norge).<\/p>\n<p>Det flotte med iGasView er at du ikke m\u00e5 bruke appen fordi den har avlesbart display hengende p\u00e5 gass flasken, se bilder.<\/p>\n<p>iGasView-appen kobles til iGasview-enheter prim\u00e6rt for \u00e5 kontrollere og overv\u00e5ke gassforbruket i gassflasker, men kan ogs\u00e5 brukes til grill termometer, og bruk i campingvogn\/bobil og flere andre applikasjoner knyttet til bruk av gass.<\/p>\n<p>Som en global gassregulatorprodusent er IGT stolt av produktkvalitet og holdbare produkter. IGT st\u00f8tter FNs b\u00e6rekraftsm\u00e5l med spesielt fokus p\u00e5 3, 12 og 13. En forlenget produktlevetid reduserer milj\u00f8fotavtrykket.<\/p>\n<p>Kompatibel med iOS og Android.<br \/>\nTre AA-batterier LR06\/1,5V kreves, er ikke&nbsp;inkludert.<br \/>\nVanntett: IP55<br \/>\nM\u00e5l: Bunn: \u00d8 31 cm<br \/>\nSkjerm: 8 x 8 cm<br \/>\nVekt: 1,2 kg<br \/>\nKabellengde:46 cm <\/p>","protected":false},"featured_media":18509,"comment_status":"open","ping_status":"closed","template":"","meta":[],"product_brand":[],"product_cat":[630,260],"product_tag":[],"class_list":{"0":"post-15768","1":"product","2":"type-product","3":"status-publish","4":"has-post-thumbnail","6":"product_cat-camping-bobilutsyr","7":"product_cat-hytte-camping-fritid","9":"first","10":"instock","11":"taxable","12":"shipping-taxable","13":"purchasable","14":"product-type-simple"},"_links":{"self":[{"href":"https:\/\/vossgass.no\/en\/wp-json\/wp\/v2\/product\/15768","targetHints":{"allow":["GET"]}}],"collection":[{"href":"https:\/\/vossgass.no\/en\/wp-json\/wp\/v2\/product"}],"about":[{"href":"https:\/\/vossgass.no\/en\/wp-json\/wp\/v2\/types\/product"}],"replies":[{"embeddable":true,"href":"https:\/\/vossgass.no\/en\/wp-json\/wp\/v2\/comments?post=15768"}],"wp:featuredmedia":[{"embeddable":true,"href":"https:\/\/vossgass.no\/en\/wp-json\/wp\/v2\/media\/18509"}],"wp:attachment":[{"href":"https:\/\/vossgass.no\/en\/wp-json\/wp\/v2\/media?parent=15768"}],"wp:term":[{"taxonomy":"product_brand","embeddable":true,"href":"https:\/\/vossgass.no\/en\/wp-json\/wp\/v2\/product_brand?post=15768"},{"taxonomy":"product_cat","embeddable":true,"href":"https:\/\/vossgass.no\/en\/wp-json\/wp\/v2\/product_cat?post=15768"},{"taxonomy":"product_tag","embeddable":true,"href":"https:\/\/vossgass.no\/en\/wp-json\/wp\/v2\/product_tag?post=15768"}],"curies":[{"name":"wp","href":"https:\/\/api.w.org\/{rel}","templated":true}]}}