{"id":15767,"date":"2025-04-15T18:11:47","date_gmt":"2025-04-15T16:11:47","guid":{"rendered":"https:\/\/vossgass.no\/produkt\/spjeldpakning-thetford-toalett\/"},"modified":"2026-02-23T14:06:55","modified_gmt":"2026-02-23T13:06:55","slug":"spjeldpakning-thetford-toalett","status":"publish","type":"product","link":"https:\/\/vossgass.no\/en\/product\/spjeldpakning-thetford-toalett\/","title":{"rendered":"Spjeldpakning Thetford toalett"},"content":{"rendered":"","protected":false},"excerpt":{"rendered":"<p>F\u00f6r modellerna C2, C3 och C4 passar denna packning endast f\u00f6r toaletter tillverkade f\u00f6re 15 juni 2000. Tillverkningsdatum finns p\u00e5 botten av avfallsbeh\u00e5llaren.<\/p>","protected":false},"featured_media":17204,"comment_status":"open","ping_status":"closed","template":"","meta":[],"product_brand":[],"product_cat":[260],"product_tag":[],"class_list":{"0":"post-15767","1":"product","2":"type-product","3":"status-publish","4":"has-post-thumbnail","6":"product_cat-hytte-camping-fritid","8":"first","9":"instock","10":"taxable","11":"shipping-taxable","12":"purchasable","13":"product-type-simple"},"_links":{"self":[{"href":"https:\/\/vossgass.no\/en\/wp-json\/wp\/v2\/product\/15767","targetHints":{"allow":["GET"]}}],"collection":[{"href":"https:\/\/vossgass.no\/en\/wp-json\/wp\/v2\/product"}],"about":[{"href":"https:\/\/vossgass.no\/en\/wp-json\/wp\/v2\/types\/product"}],"replies":[{"embeddable":true,"href":"https:\/\/vossgass.no\/en\/wp-json\/wp\/v2\/comments?post=15767"}],"wp:featuredmedia":[{"embeddable":true,"href":"https:\/\/vossgass.no\/en\/wp-json\/wp\/v2\/media\/17204"}],"wp:attachment":[{"href":"https:\/\/vossgass.no\/en\/wp-json\/wp\/v2\/media?parent=15767"}],"wp:term":[{"taxonomy":"product_brand","embeddable":true,"href":"https:\/\/vossgass.no\/en\/wp-json\/wp\/v2\/product_brand?post=15767"},{"taxonomy":"product_cat","embeddable":true,"href":"https:\/\/vossgass.no\/en\/wp-json\/wp\/v2\/product_cat?post=15767"},{"taxonomy":"product_tag","embeddable":true,"href":"https:\/\/vossgass.no\/en\/wp-json\/wp\/v2\/product_tag?post=15767"}],"curies":[{"name":"wp","href":"https:\/\/api.w.org\/{rel}","templated":true}]}}