{"id":15760,"date":"2025-04-15T18:10:16","date_gmt":"2025-04-15T16:10:16","guid":{"rendered":"https:\/\/vossgass.no\/produkt\/digital-instant-read-thermometer-foldbart-termometer\/"},"modified":"2026-03-19T16:56:31","modified_gmt":"2026-03-19T15:56:31","slug":"digital-instant-read-thermometer-foldbart-termometer","status":"publish","type":"product","link":"https:\/\/vossgass.no\/en\/product\/digital-instant-read-thermometer-foldbart-termometer\/","title":{"rendered":"Digital Instant Read Thermometer Foldbart termometer"},"content":{"rendered":"","protected":false},"excerpt":{"rendered":"<p>Digitalt Termometer med probe som kan foldes inn.<\/p>\n<p>Passer vel s\u00e5 bra til hjemmebrygging som til matlaging! Bruk temometeret til \u00e5 sjekke temperaturen ved brygging, nedkj\u00f8ling og gj\u00e6ring. Bruk det ogs\u00e5 ved BBQ, grilling eller matlaging p\u00e5 kj\u00f8kkenet.<\/p>\n<p>Probe: 11cm<br \/>\nTemperaturomr\u00e5de: -50\u00b0C til 300\u00b0C<br \/>\nN\u00f8yaktighet: +-1\u00b0C (0-100\u00b0C)<br \/>\nBatteri: AG13 x 1stk (inkludert)<\/p>","protected":false},"featured_media":19521,"comment_status":"open","ping_status":"closed","template":"","meta":[],"product_brand":[],"product_cat":[256,91],"product_tag":[],"class_list":{"0":"post-15760","1":"product","2":"type-product","3":"status-publish","4":"has-post-thumbnail","6":"product_cat-bryggeutstyr-heimabrygg","7":"product_cat-heimabrygg","9":"first","10":"instock","11":"taxable","12":"shipping-taxable","13":"purchasable","14":"product-type-simple"},"_links":{"self":[{"href":"https:\/\/vossgass.no\/en\/wp-json\/wp\/v2\/product\/15760","targetHints":{"allow":["GET"]}}],"collection":[{"href":"https:\/\/vossgass.no\/en\/wp-json\/wp\/v2\/product"}],"about":[{"href":"https:\/\/vossgass.no\/en\/wp-json\/wp\/v2\/types\/product"}],"replies":[{"embeddable":true,"href":"https:\/\/vossgass.no\/en\/wp-json\/wp\/v2\/comments?post=15760"}],"wp:featuredmedia":[{"embeddable":true,"href":"https:\/\/vossgass.no\/en\/wp-json\/wp\/v2\/media\/19521"}],"wp:attachment":[{"href":"https:\/\/vossgass.no\/en\/wp-json\/wp\/v2\/media?parent=15760"}],"wp:term":[{"taxonomy":"product_brand","embeddable":true,"href":"https:\/\/vossgass.no\/en\/wp-json\/wp\/v2\/product_brand?post=15760"},{"taxonomy":"product_cat","embeddable":true,"href":"https:\/\/vossgass.no\/en\/wp-json\/wp\/v2\/product_cat?post=15760"},{"taxonomy":"product_tag","embeddable":true,"href":"https:\/\/vossgass.no\/en\/wp-json\/wp\/v2\/product_tag?post=15760"}],"curies":[{"name":"wp","href":"https:\/\/api.w.org\/{rel}","templated":true}]}}