{"id":15759,"date":"2025-04-15T18:10:09","date_gmt":"2025-04-15T16:10:09","guid":{"rendered":"https:\/\/vossgass.no\/produkt\/nukatap-mini-tappekran-kun-kran\/"},"modified":"2026-02-23T15:05:01","modified_gmt":"2026-02-23T14:05:01","slug":"nukatap-mini-tappekran-kun-kran","status":"publish","type":"product","link":"https:\/\/vossgass.no\/en\/product\/nukatap-mini-tappekran-kun-kran\/","title":{"rendered":"Nukatap Mini Tappekran, kun kran"},"content":{"rendered":"","protected":false},"excerpt":{"rendered":"<p>Mini Nukatap &#8211; Ideell flowhastighet for sm\u00e5 tappel\u00f8sninger!<\/p>\n<p>Tappekran spesialdesignet for sm\u00e5 tappel\u00f8sninger. Kranen kan kobles direkte p\u00e5 ball lock med riktig overgang, og gir optimal tapping fra f\u00f8rste dr\u00e5pe! Kranen har forward sealing som gj\u00f8r den lett \u00e5 holde ren, tilsvarende de originale Nukatap kranene.<\/p>\n<p>OBS: kun kran<\/p>","protected":false},"featured_media":17196,"comment_status":"open","ping_status":"closed","template":"","meta":[],"product_brand":[],"product_cat":[257,91],"product_tag":[],"class_list":{"0":"post-15759","1":"product","2":"type-product","3":"status-publish","4":"has-post-thumbnail","6":"product_cat-gjaering-heimabrygg","7":"product_cat-heimabrygg","9":"first","10":"instock","11":"taxable","12":"shipping-taxable","13":"purchasable","14":"product-type-simple"},"_links":{"self":[{"href":"https:\/\/vossgass.no\/en\/wp-json\/wp\/v2\/product\/15759","targetHints":{"allow":["GET"]}}],"collection":[{"href":"https:\/\/vossgass.no\/en\/wp-json\/wp\/v2\/product"}],"about":[{"href":"https:\/\/vossgass.no\/en\/wp-json\/wp\/v2\/types\/product"}],"replies":[{"embeddable":true,"href":"https:\/\/vossgass.no\/en\/wp-json\/wp\/v2\/comments?post=15759"}],"wp:featuredmedia":[{"embeddable":true,"href":"https:\/\/vossgass.no\/en\/wp-json\/wp\/v2\/media\/17196"}],"wp:attachment":[{"href":"https:\/\/vossgass.no\/en\/wp-json\/wp\/v2\/media?parent=15759"}],"wp:term":[{"taxonomy":"product_brand","embeddable":true,"href":"https:\/\/vossgass.no\/en\/wp-json\/wp\/v2\/product_brand?post=15759"},{"taxonomy":"product_cat","embeddable":true,"href":"https:\/\/vossgass.no\/en\/wp-json\/wp\/v2\/product_cat?post=15759"},{"taxonomy":"product_tag","embeddable":true,"href":"https:\/\/vossgass.no\/en\/wp-json\/wp\/v2\/product_tag?post=15759"}],"curies":[{"name":"wp","href":"https:\/\/api.w.org\/{rel}","templated":true}]}}