{"id":15758,"date":"2025-04-15T18:09:56","date_gmt":"2025-04-15T16:09:56","guid":{"rendered":"https:\/\/vossgass.no\/produkt\/nukatap-mini-duotight-adaptorfestes-rett-pa-8mm-hurtigkobling-med-closing-fjaer-2\/"},"modified":"2026-02-25T13:33:14","modified_gmt":"2026-02-25T12:33:14","slug":"nukatap-mini-duotight-adaptorfestes-rett-pa-8mm-hurtigkobling-med-closing-fjaer-2","status":"publish","type":"product","link":"https:\/\/vossgass.no\/en\/product\/nukatap-mini-duotight-adaptorfestes-rett-pa-8mm-hurtigkobling-med-closing-fjaer-2\/","title":{"rendered":"Nukatap Mini Duotight Adaptor,festes rett p\u00e5 8mm hurtigkobling. Med closing fj\u00e6r."},"content":{"rendered":"","protected":false},"excerpt":{"rendered":"<p>Denne Duotight-adapteren p\u00e5 8mm (5\/16&#8243;) er designet for \u00e5 passe sammen med Nukatap Mini tappekran og er n\u00f8dvendig for \u00e5 koble kranen til v\u00e5r Duotight Flow Control Ball Lock-kobling, eller til andre hurtigkoblinger med st\u00f8rrelse 8mm (5\/16&#8243;). Den leveres med et feste designet for Flow Control Ball Lock-enheten, som forhindrer at kranen spinner rundt under bruk.<\/p>\n<p>I kombinasjon med Nukatap Mini er det vanskelig \u00e5 f\u00e5 en mer kompakt og smidig tappel\u00f8sning enn dette!<\/p>","protected":false},"featured_media":19517,"comment_status":"open","ping_status":"closed","template":"","meta":[],"product_brand":[],"product_cat":[257,91],"product_tag":[],"class_list":{"0":"post-15758","1":"product","2":"type-product","3":"status-publish","4":"has-post-thumbnail","6":"product_cat-gjaering-heimabrygg","7":"product_cat-heimabrygg","9":"first","10":"instock","11":"taxable","12":"shipping-taxable","13":"purchasable","14":"product-type-simple"},"_links":{"self":[{"href":"https:\/\/vossgass.no\/en\/wp-json\/wp\/v2\/product\/15758","targetHints":{"allow":["GET"]}}],"collection":[{"href":"https:\/\/vossgass.no\/en\/wp-json\/wp\/v2\/product"}],"about":[{"href":"https:\/\/vossgass.no\/en\/wp-json\/wp\/v2\/types\/product"}],"replies":[{"embeddable":true,"href":"https:\/\/vossgass.no\/en\/wp-json\/wp\/v2\/comments?post=15758"}],"wp:featuredmedia":[{"embeddable":true,"href":"https:\/\/vossgass.no\/en\/wp-json\/wp\/v2\/media\/19517"}],"wp:attachment":[{"href":"https:\/\/vossgass.no\/en\/wp-json\/wp\/v2\/media?parent=15758"}],"wp:term":[{"taxonomy":"product_brand","embeddable":true,"href":"https:\/\/vossgass.no\/en\/wp-json\/wp\/v2\/product_brand?post=15758"},{"taxonomy":"product_cat","embeddable":true,"href":"https:\/\/vossgass.no\/en\/wp-json\/wp\/v2\/product_cat?post=15758"},{"taxonomy":"product_tag","embeddable":true,"href":"https:\/\/vossgass.no\/en\/wp-json\/wp\/v2\/product_tag?post=15758"}],"curies":[{"name":"wp","href":"https:\/\/api.w.org\/{rel}","templated":true}]}}