{"id":15757,"date":"2025-04-15T18:09:44","date_gmt":"2025-04-15T16:09:44","guid":{"rendered":"https:\/\/vossgass.no\/produkt\/nukatap-mini-duotight-adaptorfestes-rett-pa-8mm-hurtigkobling-med-closing-fjaer\/"},"modified":"2025-12-12T13:23:45","modified_gmt":"2025-12-12T12:23:45","slug":"nukatap-mini-duotight-adaptorfestes-rett-pa-8mm-hurtigkobling-med-closing-fjaer","status":"publish","type":"product","link":"https:\/\/vossgass.no\/en\/product\/nukatap-mini-duotight-adaptorfestes-rett-pa-8mm-hurtigkobling-med-closing-fjaer\/","title":{"rendered":"Nukatap FC &amp; mini selvlukkende fj\u00e6r"},"content":{"rendered":"","protected":false},"excerpt":{"rendered":"<p>Denne Nukatap Mini-fj\u00e6ren er designet for \u00e5 passe mellom Nukatap Mini Tappekran og alle shank-kombinasjonene. Denne spesiallagde fj\u00e6ren av 304-kvalitets st\u00e5l er spesifikt designet for \u00e5 sikre at Nukatap Mini forblir lukket n\u00e5r den skal. Slipp bare h\u00e5ndtaket p\u00e5 kranen, og kranen vil lukkes automatisk og forhindre at den ved et uhell forblir \u00e5pen og t\u00f8mmer fatet p\u00e5 gulvet.<\/p>","protected":false},"featured_media":17194,"comment_status":"open","ping_status":"closed","template":"","meta":[],"product_brand":[],"product_cat":[257,91],"product_tag":[],"class_list":{"0":"post-15757","1":"product","2":"type-product","3":"status-publish","4":"has-post-thumbnail","6":"product_cat-gjaering-heimabrygg","7":"product_cat-heimabrygg","9":"first","10":"instock","11":"taxable","12":"shipping-taxable","13":"purchasable","14":"product-type-simple"},"_links":{"self":[{"href":"https:\/\/vossgass.no\/en\/wp-json\/wp\/v2\/product\/15757","targetHints":{"allow":["GET"]}}],"collection":[{"href":"https:\/\/vossgass.no\/en\/wp-json\/wp\/v2\/product"}],"about":[{"href":"https:\/\/vossgass.no\/en\/wp-json\/wp\/v2\/types\/product"}],"replies":[{"embeddable":true,"href":"https:\/\/vossgass.no\/en\/wp-json\/wp\/v2\/comments?post=15757"}],"wp:featuredmedia":[{"embeddable":true,"href":"https:\/\/vossgass.no\/en\/wp-json\/wp\/v2\/media\/17194"}],"wp:attachment":[{"href":"https:\/\/vossgass.no\/en\/wp-json\/wp\/v2\/media?parent=15757"}],"wp:term":[{"taxonomy":"product_brand","embeddable":true,"href":"https:\/\/vossgass.no\/en\/wp-json\/wp\/v2\/product_brand?post=15757"},{"taxonomy":"product_cat","embeddable":true,"href":"https:\/\/vossgass.no\/en\/wp-json\/wp\/v2\/product_cat?post=15757"},{"taxonomy":"product_tag","embeddable":true,"href":"https:\/\/vossgass.no\/en\/wp-json\/wp\/v2\/product_tag?post=15757"}],"curies":[{"name":"wp","href":"https:\/\/api.w.org\/{rel}","templated":true}]}}