{"id":15754,"date":"2025-04-15T18:09:13","date_gmt":"2025-04-15T16:09:13","guid":{"rendered":"https:\/\/vossgass.no\/produkt\/duotight-filter-9-5mm-3-8-inline-filter-100-micron\/"},"modified":"2026-02-25T13:05:48","modified_gmt":"2026-02-25T12:05:48","slug":"duotight-filter-9-5mm-3-8-inline-filter-100-micron","status":"publish","type":"product","link":"https:\/\/vossgass.no\/en\/product\/duotight-filter-9-5mm-3-8-inline-filter-100-micron\/","title":{"rendered":"DuoTight Filter 9.5mm (3\/8&#8243;) Inline filter 100 micron"},"content":{"rendered":"","protected":false},"excerpt":{"rendered":"<p>Duotight Inline Filter med hurtigkoblinger for 9,5 mm (3\/8&#8243;) slanger. Dette filteret er designet for \u00e5 stoppe st\u00f8rre partikler p\u00e5 en enkel og effektiv m\u00e5te i linjen. Filteret har en \u00e5pning p\u00e5 100 micron.<\/p>","protected":false},"featured_media":19512,"comment_status":"open","ping_status":"closed","template":"","meta":[],"product_brand":[],"product_cat":[256,91],"product_tag":[],"class_list":{"0":"post-15754","1":"product","2":"type-product","3":"status-publish","4":"has-post-thumbnail","6":"product_cat-bryggeutstyr-heimabrygg","7":"product_cat-heimabrygg","9":"first","10":"instock","11":"taxable","12":"shipping-taxable","13":"purchasable","14":"product-type-simple"},"_links":{"self":[{"href":"https:\/\/vossgass.no\/en\/wp-json\/wp\/v2\/product\/15754","targetHints":{"allow":["GET"]}}],"collection":[{"href":"https:\/\/vossgass.no\/en\/wp-json\/wp\/v2\/product"}],"about":[{"href":"https:\/\/vossgass.no\/en\/wp-json\/wp\/v2\/types\/product"}],"replies":[{"embeddable":true,"href":"https:\/\/vossgass.no\/en\/wp-json\/wp\/v2\/comments?post=15754"}],"wp:featuredmedia":[{"embeddable":true,"href":"https:\/\/vossgass.no\/en\/wp-json\/wp\/v2\/media\/19512"}],"wp:attachment":[{"href":"https:\/\/vossgass.no\/en\/wp-json\/wp\/v2\/media?parent=15754"}],"wp:term":[{"taxonomy":"product_brand","embeddable":true,"href":"https:\/\/vossgass.no\/en\/wp-json\/wp\/v2\/product_brand?post=15754"},{"taxonomy":"product_cat","embeddable":true,"href":"https:\/\/vossgass.no\/en\/wp-json\/wp\/v2\/product_cat?post=15754"},{"taxonomy":"product_tag","embeddable":true,"href":"https:\/\/vossgass.no\/en\/wp-json\/wp\/v2\/product_tag?post=15754"}],"curies":[{"name":"wp","href":"https:\/\/api.w.org\/{rel}","templated":true}]}}