{"id":15745,"date":"2025-04-15T18:08:04","date_gmt":"2025-04-15T16:08:04","guid":{"rendered":"https:\/\/vossgass.no\/produkt\/grill-net-mesh-for-smoke-eater-pit\/"},"modified":"2026-02-25T13:03:11","modified_gmt":"2026-02-25T12:03:11","slug":"grill-net-mesh-for-smoke-eater-pit","status":"publish","type":"product","link":"https:\/\/vossgass.no\/en\/product\/grill-net-mesh-for-smoke-eater-pit\/","title":{"rendered":"Grill Net Mesh for Smoke Eater Pit"},"content":{"rendered":"","protected":false},"excerpt":{"rendered":"<p>Grillrist til Smoke Eater Wood Fire Pit.<\/p>\n<p>Med denne kan du grille for eksempel p\u00f8lser, burgere og gr\u00f8nnsaker p\u00e5 b\u00e5lbannen din.<\/p>","protected":false},"featured_media":19509,"comment_status":"open","ping_status":"closed","template":"","meta":[],"product_brand":[],"product_cat":[630,260],"product_tag":[],"class_list":{"0":"post-15745","1":"product","2":"type-product","3":"status-publish","4":"has-post-thumbnail","6":"product_cat-camping-bobilutsyr","7":"product_cat-hytte-camping-fritid","9":"first","10":"instock","11":"taxable","12":"shipping-taxable","13":"purchasable","14":"product-type-simple"},"_links":{"self":[{"href":"https:\/\/vossgass.no\/en\/wp-json\/wp\/v2\/product\/15745","targetHints":{"allow":["GET"]}}],"collection":[{"href":"https:\/\/vossgass.no\/en\/wp-json\/wp\/v2\/product"}],"about":[{"href":"https:\/\/vossgass.no\/en\/wp-json\/wp\/v2\/types\/product"}],"replies":[{"embeddable":true,"href":"https:\/\/vossgass.no\/en\/wp-json\/wp\/v2\/comments?post=15745"}],"wp:featuredmedia":[{"embeddable":true,"href":"https:\/\/vossgass.no\/en\/wp-json\/wp\/v2\/media\/19509"}],"wp:attachment":[{"href":"https:\/\/vossgass.no\/en\/wp-json\/wp\/v2\/media?parent=15745"}],"wp:term":[{"taxonomy":"product_brand","embeddable":true,"href":"https:\/\/vossgass.no\/en\/wp-json\/wp\/v2\/product_brand?post=15745"},{"taxonomy":"product_cat","embeddable":true,"href":"https:\/\/vossgass.no\/en\/wp-json\/wp\/v2\/product_cat?post=15745"},{"taxonomy":"product_tag","embeddable":true,"href":"https:\/\/vossgass.no\/en\/wp-json\/wp\/v2\/product_tag?post=15745"}],"curies":[{"name":"wp","href":"https:\/\/api.w.org\/{rel}","templated":true}]}}