{"id":15736,"date":"2025-04-15T18:06:34","date_gmt":"2025-04-15T16:06:34","guid":{"rendered":"https:\/\/vossgass.no\/produkt\/avalanche-taksnomaker-pro\/"},"modified":"2025-09-23T12:37:34","modified_gmt":"2025-09-23T10:37:34","slug":"avalanche-taksnomaker-pro","status":"publish","type":"product","link":"https:\/\/vossgass.no\/en\/product\/avalanche-taksnomaker-pro\/","title":{"rendered":"Avalanche Taksn\u00f8m\u00e5ker Pro"},"content":{"rendered":"","protected":false},"excerpt":{"rendered":"<p>Avalanche Taksn\u00f8m\u00e5ker Pro<br \/>\nM\u00e5ke sn\u00f8 av taket? Med Avalanche Pro har har verdens mest solgte taksn\u00f8m\u00e5ker n\u00e5 blitt enda bedre. Produsert i glassfiberarmert polyester som t\u00e5ler kulde og ekstrem belastning. <\/p>","protected":false},"featured_media":17173,"comment_status":"open","ping_status":"closed","template":"","meta":[],"product_brand":[],"product_cat":[260],"product_tag":[],"class_list":{"0":"post-15736","1":"product","2":"type-product","3":"status-publish","4":"has-post-thumbnail","6":"product_cat-hytte-camping-fritid","8":"first","9":"outofstock","10":"taxable","11":"shipping-taxable","12":"purchasable","13":"product-type-simple"},"_links":{"self":[{"href":"https:\/\/vossgass.no\/en\/wp-json\/wp\/v2\/product\/15736","targetHints":{"allow":["GET"]}}],"collection":[{"href":"https:\/\/vossgass.no\/en\/wp-json\/wp\/v2\/product"}],"about":[{"href":"https:\/\/vossgass.no\/en\/wp-json\/wp\/v2\/types\/product"}],"replies":[{"embeddable":true,"href":"https:\/\/vossgass.no\/en\/wp-json\/wp\/v2\/comments?post=15736"}],"wp:featuredmedia":[{"embeddable":true,"href":"https:\/\/vossgass.no\/en\/wp-json\/wp\/v2\/media\/17173"}],"wp:attachment":[{"href":"https:\/\/vossgass.no\/en\/wp-json\/wp\/v2\/media?parent=15736"}],"wp:term":[{"taxonomy":"product_brand","embeddable":true,"href":"https:\/\/vossgass.no\/en\/wp-json\/wp\/v2\/product_brand?post=15736"},{"taxonomy":"product_cat","embeddable":true,"href":"https:\/\/vossgass.no\/en\/wp-json\/wp\/v2\/product_cat?post=15736"},{"taxonomy":"product_tag","embeddable":true,"href":"https:\/\/vossgass.no\/en\/wp-json\/wp\/v2\/product_tag?post=15736"}],"curies":[{"name":"wp","href":"https:\/\/api.w.org\/{rel}","templated":true}]}}