{"id":15735,"date":"2025-04-15T18:06:20","date_gmt":"2025-04-15T16:06:20","guid":{"rendered":"https:\/\/vossgass.no\/produkt\/kokeapparat-1-bluss-34-kw-com-gas\/"},"modified":"2025-09-23T12:37:34","modified_gmt":"2025-09-23T10:37:34","slug":"kokeapparat-1-bluss-34-kw-com-gas","status":"publish","type":"product","link":"https:\/\/vossgass.no\/en\/product\/kokeapparat-1-bluss-34-kw-com-gas\/","title":{"rendered":"Kokeapparat 1 bluss, 3,4 kw  Com Gas"},"content":{"rendered":"","protected":false},"excerpt":{"rendered":"<p>Dette kokeapparatet brukes spesielt til store panner og raske retter. Effekten er p\u00e5 hele 4300 watt og brennerhodene er konstruert p\u00e5 en slik m\u00e5te at det oppst\u00e5r en turbinegasseffekt, slik at flammen brenner ekstra kraftig.<\/p>\n<p>Dette apparatet er termisk beskyttet, noe som betyr at gassforsyningen blokkeres automatisk s\u00e5 snart flammen slukker. Dette betyr at enheten ogs\u00e5 kan brukes innend\u00f8rs.<\/p>\n<p>Vekt 2,7 kg<br \/>\nDimensjoner 370 \u00d7 285 \u00d7 90 mm<br \/>\nRustfritt st\u00e5l &#8211; sort &#8211; gull<br \/>\nTermisk beskyttet: Ja<br \/>\nKapasitet (watt) 4,3 kW<br \/>\nTilkobling 1\/4&#8243;V<\/p>","protected":false},"featured_media":17172,"comment_status":"open","ping_status":"closed","template":"","meta":[],"product_brand":[],"product_cat":[260],"product_tag":[],"class_list":{"0":"post-15735","1":"product","2":"type-product","3":"status-publish","4":"has-post-thumbnail","6":"product_cat-hytte-camping-fritid","8":"first","9":"outofstock","10":"taxable","11":"shipping-taxable","12":"purchasable","13":"product-type-simple"},"_links":{"self":[{"href":"https:\/\/vossgass.no\/en\/wp-json\/wp\/v2\/product\/15735","targetHints":{"allow":["GET"]}}],"collection":[{"href":"https:\/\/vossgass.no\/en\/wp-json\/wp\/v2\/product"}],"about":[{"href":"https:\/\/vossgass.no\/en\/wp-json\/wp\/v2\/types\/product"}],"replies":[{"embeddable":true,"href":"https:\/\/vossgass.no\/en\/wp-json\/wp\/v2\/comments?post=15735"}],"wp:featuredmedia":[{"embeddable":true,"href":"https:\/\/vossgass.no\/en\/wp-json\/wp\/v2\/media\/17172"}],"wp:attachment":[{"href":"https:\/\/vossgass.no\/en\/wp-json\/wp\/v2\/media?parent=15735"}],"wp:term":[{"taxonomy":"product_brand","embeddable":true,"href":"https:\/\/vossgass.no\/en\/wp-json\/wp\/v2\/product_brand?post=15735"},{"taxonomy":"product_cat","embeddable":true,"href":"https:\/\/vossgass.no\/en\/wp-json\/wp\/v2\/product_cat?post=15735"},{"taxonomy":"product_tag","embeddable":true,"href":"https:\/\/vossgass.no\/en\/wp-json\/wp\/v2\/product_tag?post=15735"}],"curies":[{"name":"wp","href":"https:\/\/api.w.org\/{rel}","templated":true}]}}