{"id":15732,"date":"2025-04-15T18:05:38","date_gmt":"2025-04-15T16:05:38","guid":{"rendered":"https:\/\/vossgass.no\/produkt\/blueflame-gassovn-38-kw-termostat-slange-og-regulator\/"},"modified":"2026-02-23T15:48:48","modified_gmt":"2026-02-23T14:48:48","slug":"blueflame-gassovn-38-kw-termostat-slange-og-regulator","status":"publish","type":"product","link":"https:\/\/vossgass.no\/en\/product\/blueflame-gassovn-38-kw-termostat-slange-og-regulator\/","title":{"rendered":"Blueflame gassovn 3,8 kw, termostat, slange og regulator."},"content":{"rendered":"","protected":false},"excerpt":{"rendered":"<p>Gassovn Broilfire 3,8kw<\/p>\n<p>Broilfire Blue Flame Heater 3,8kW med termostat er den ideelle l\u00f8sningen for effektiv oppvarming i b\u00e5de innend\u00f8rs og utend\u00f8rs milj\u00f8er. Med en effekt p\u00e5 3,8 kW og avansert bl\u00e5 flamme teknologi, gir denne varmeren en jevn og \u00f8konomisk oppvarming som raskt sprer varmen i rommet.<\/p>\n<p>Utstyrt med en innebygd termostat, kan du enkelt justere temperaturen etter behov, noe som gir deg full kontroll over varmeinnstillingene. Denne funksjonen gj\u00f8r at Broilfire Blue Flame Heater 3,8kW med termostat er b\u00e5de energieffektiv og praktisk, slik at du kan holde deg komfortabel uten \u00e5 bruke un\u00f8dvendig energi. Den bl\u00e5 flammen gir en naturlig varmeeffekt, og varmeren er designet for \u00e5 v\u00e6re b\u00e5de stilleg\u00e5ende og p\u00e5litelig.<\/p>\n<p>Ovnen leveres uten slange og regulator<br \/>\nBl\u00e5 flammer og innebygget On-Off termostat<br \/>\nPiezo tenning<br \/>\nBl\u00e5 flamme<br \/>\nFlame failure safety device<br \/>\nAtmosphere analyser<br \/>\nVeltesikring<\/p>","protected":false},"featured_media":17169,"comment_status":"open","ping_status":"closed","template":"","meta":[],"product_brand":[],"product_cat":[626,260,262],"product_tag":[],"class_list":{"0":"post-15732","1":"product","2":"type-product","3":"status-publish","4":"has-post-thumbnail","6":"product_cat-gassovner","7":"product_cat-hytte-camping-fritid","8":"product_cat-oppvarming-hytte-camping-fritid-2","10":"first","11":"instock","12":"taxable","13":"shipping-taxable","14":"purchasable","15":"product-type-simple"},"_links":{"self":[{"href":"https:\/\/vossgass.no\/en\/wp-json\/wp\/v2\/product\/15732","targetHints":{"allow":["GET"]}}],"collection":[{"href":"https:\/\/vossgass.no\/en\/wp-json\/wp\/v2\/product"}],"about":[{"href":"https:\/\/vossgass.no\/en\/wp-json\/wp\/v2\/types\/product"}],"replies":[{"embeddable":true,"href":"https:\/\/vossgass.no\/en\/wp-json\/wp\/v2\/comments?post=15732"}],"wp:featuredmedia":[{"embeddable":true,"href":"https:\/\/vossgass.no\/en\/wp-json\/wp\/v2\/media\/17169"}],"wp:attachment":[{"href":"https:\/\/vossgass.no\/en\/wp-json\/wp\/v2\/media?parent=15732"}],"wp:term":[{"taxonomy":"product_brand","embeddable":true,"href":"https:\/\/vossgass.no\/en\/wp-json\/wp\/v2\/product_brand?post=15732"},{"taxonomy":"product_cat","embeddable":true,"href":"https:\/\/vossgass.no\/en\/wp-json\/wp\/v2\/product_cat?post=15732"},{"taxonomy":"product_tag","embeddable":true,"href":"https:\/\/vossgass.no\/en\/wp-json\/wp\/v2\/product_tag?post=15732"}],"curies":[{"name":"wp","href":"https:\/\/api.w.org\/{rel}","templated":true}]}}