{"id":15728,"date":"2025-04-15T18:04:43","date_gmt":"2025-04-15T16:04:43","guid":{"rendered":"https:\/\/vossgass.no\/produkt\/bishop-tap-handle-tappehandtak\/"},"modified":"2026-02-25T14:34:04","modified_gmt":"2026-02-25T13:34:04","slug":"bishop-tap-handle-tappehandtak","status":"publish","type":"product","link":"https:\/\/vossgass.no\/en\/product\/bishop-tap-handle-tappehandtak\/","title":{"rendered":"Bishop Tap Handle, Tappeh\u00e5ndtak."},"content":{"rendered":"","protected":false},"excerpt":{"rendered":"<p>Hvor mange ganger har du f\u00e5tt sp\u00f8rsm\u00e5l om hva du har p\u00e5 tappekrana?<\/p>\n<p>Med dette stilige h\u00e5ndtaket kan du selv klippe ut et kult design og legge i h\u00e5ndtaket, eller skrive p\u00e5 det medf\u00f8lgende blackboard og whiteboard innlegget.<\/p>\n<p>Laget av robust ABS\/PC plastikk.<br \/>\nInkluderer hvitt og sort innlegg som kan skrives p\u00e5 med whiteboard tusj eller kritt<br \/>\nBaksiden kan ogs\u00e5 benyttes til \u00e5 skrive med kritt<\/p>","protected":false},"featured_media":19530,"comment_status":"open","ping_status":"closed","template":"","meta":[],"product_brand":[],"product_cat":[256,91],"product_tag":[],"class_list":{"0":"post-15728","1":"product","2":"type-product","3":"status-publish","4":"has-post-thumbnail","6":"product_cat-bryggeutstyr-heimabrygg","7":"product_cat-heimabrygg","9":"first","10":"outofstock","11":"taxable","12":"shipping-taxable","13":"purchasable","14":"product-type-simple"},"_links":{"self":[{"href":"https:\/\/vossgass.no\/en\/wp-json\/wp\/v2\/product\/15728","targetHints":{"allow":["GET"]}}],"collection":[{"href":"https:\/\/vossgass.no\/en\/wp-json\/wp\/v2\/product"}],"about":[{"href":"https:\/\/vossgass.no\/en\/wp-json\/wp\/v2\/types\/product"}],"replies":[{"embeddable":true,"href":"https:\/\/vossgass.no\/en\/wp-json\/wp\/v2\/comments?post=15728"}],"wp:featuredmedia":[{"embeddable":true,"href":"https:\/\/vossgass.no\/en\/wp-json\/wp\/v2\/media\/19530"}],"wp:attachment":[{"href":"https:\/\/vossgass.no\/en\/wp-json\/wp\/v2\/media?parent=15728"}],"wp:term":[{"taxonomy":"product_brand","embeddable":true,"href":"https:\/\/vossgass.no\/en\/wp-json\/wp\/v2\/product_brand?post=15728"},{"taxonomy":"product_cat","embeddable":true,"href":"https:\/\/vossgass.no\/en\/wp-json\/wp\/v2\/product_cat?post=15728"},{"taxonomy":"product_tag","embeddable":true,"href":"https:\/\/vossgass.no\/en\/wp-json\/wp\/v2\/product_tag?post=15728"}],"curies":[{"name":"wp","href":"https:\/\/api.w.org\/{rel}","templated":true}]}}