{"id":15724,"date":"2025-04-15T18:04:09","date_gmt":"2025-04-15T16:04:09","guid":{"rendered":"https:\/\/vossgass.no\/produkt\/vossaol-med-kveik-79-ca-25-l\/"},"modified":"2026-04-12T22:59:08","modified_gmt":"2026-04-12T20:59:08","slug":"vossaol-med-kveik-79-ca-25-l","status":"publish","type":"product","link":"https:\/\/vossgass.no\/en\/product\/vossaol-med-kveik-79-ca-25-l\/","title":{"rendered":"Vossa\u00f8l med Kveik, 7,9 % (ca 25 L)"},"content":{"rendered":"","protected":false},"excerpt":{"rendered":"<p>Vossa\u00f8l<br \/>\nTradisjonell Norsk G\u00e5rds\u00f8l, Allgrain, 22 liter<br \/>\nBrygget p\u00e5 tradisjonelt vis, denne g\u00e5rds\u00f8len<br \/>\nbrygges med einer og gj\u00e6res med Norsk kveik fra<br \/>\nVoss. Forvent appelsin og krydder i nesen, med en<br \/>\ndyp s\u00f8dme fra den lange koken som igjen er<br \/>\nbalansert av en myk bitterhet fra kombinasjonen av<br \/>\nhumle og einer.<br \/>\nDette er s\u00e5 autentisk norsk som du f\u00e5r det.<br \/>\nForventet resultat:<br \/>\nOG: 1.077-82 FG: 1.012-14<br \/>\n20 IBU ABV: 8-9%<br \/>\n10 EBC Effektivitet: 75%<\/p>","protected":false},"featured_media":17161,"comment_status":"open","ping_status":"closed","template":"","meta":[],"product_brand":[],"product_cat":[620,91,259],"product_tag":[],"class_list":{"0":"post-15724","1":"product","2":"type-product","3":"status-publish","4":"has-post-thumbnail","6":"product_cat-allgrain-sett","7":"product_cat-heimabrygg","8":"product_cat-ol-cidersett","10":"first","11":"instock","12":"taxable","13":"shipping-taxable","14":"purchasable","15":"product-type-simple"},"_links":{"self":[{"href":"https:\/\/vossgass.no\/en\/wp-json\/wp\/v2\/product\/15724","targetHints":{"allow":["GET"]}}],"collection":[{"href":"https:\/\/vossgass.no\/en\/wp-json\/wp\/v2\/product"}],"about":[{"href":"https:\/\/vossgass.no\/en\/wp-json\/wp\/v2\/types\/product"}],"replies":[{"embeddable":true,"href":"https:\/\/vossgass.no\/en\/wp-json\/wp\/v2\/comments?post=15724"}],"wp:featuredmedia":[{"embeddable":true,"href":"https:\/\/vossgass.no\/en\/wp-json\/wp\/v2\/media\/17161"}],"wp:attachment":[{"href":"https:\/\/vossgass.no\/en\/wp-json\/wp\/v2\/media?parent=15724"}],"wp:term":[{"taxonomy":"product_brand","embeddable":true,"href":"https:\/\/vossgass.no\/en\/wp-json\/wp\/v2\/product_brand?post=15724"},{"taxonomy":"product_cat","embeddable":true,"href":"https:\/\/vossgass.no\/en\/wp-json\/wp\/v2\/product_cat?post=15724"},{"taxonomy":"product_tag","embeddable":true,"href":"https:\/\/vossgass.no\/en\/wp-json\/wp\/v2\/product_tag?post=15724"}],"curies":[{"name":"wp","href":"https:\/\/api.w.org\/{rel}","templated":true}]}}