{"id":15723,"date":"2025-04-15T18:04:03","date_gmt":"2025-04-15T16:04:03","guid":{"rendered":"https:\/\/vossgass.no\/produkt\/plutselig-jul-allgrain-olsett\/"},"modified":"2026-02-23T15:54:08","modified_gmt":"2026-02-23T14:54:08","slug":"plutselig-jul-allgrain-olsett","status":"publish","type":"product","link":"https:\/\/vossgass.no\/en\/product\/plutselig-jul-allgrain-olsett\/","title":{"rendered":"Plutselig Jul allgrain \u00f8lsett."},"content":{"rendered":"","protected":false},"excerpt":{"rendered":"<p>Har du glemt jule\u00f8let n\u00e5 igjen? Fortvil ikke, her er redningen!<br \/>\nSleng Plutselig Jul i gryta og senk skuldrene, det blir jul i \u00e5r ogs\u00e5. Hilsen Rudolf!<\/p>\n<p>Plutselig Jul er en American Amber med flott r\u00f8dfarge, god humle og tydelig karamellmalt. <\/p>\n<p>\u00d8lsettet er beregnet for 20L til gj\u00e6ring.<\/p>","protected":false},"featured_media":17160,"comment_status":"open","ping_status":"closed","template":"","meta":[],"product_brand":[],"product_cat":[620,91,259],"product_tag":[],"class_list":{"0":"post-15723","1":"product","2":"type-product","3":"status-publish","4":"has-post-thumbnail","6":"product_cat-allgrain-sett","7":"product_cat-heimabrygg","8":"product_cat-ol-cidersett","10":"first","11":"instock","12":"taxable","13":"shipping-taxable","14":"purchasable","15":"product-type-simple"},"_links":{"self":[{"href":"https:\/\/vossgass.no\/en\/wp-json\/wp\/v2\/product\/15723","targetHints":{"allow":["GET"]}}],"collection":[{"href":"https:\/\/vossgass.no\/en\/wp-json\/wp\/v2\/product"}],"about":[{"href":"https:\/\/vossgass.no\/en\/wp-json\/wp\/v2\/types\/product"}],"replies":[{"embeddable":true,"href":"https:\/\/vossgass.no\/en\/wp-json\/wp\/v2\/comments?post=15723"}],"wp:featuredmedia":[{"embeddable":true,"href":"https:\/\/vossgass.no\/en\/wp-json\/wp\/v2\/media\/17160"}],"wp:attachment":[{"href":"https:\/\/vossgass.no\/en\/wp-json\/wp\/v2\/media?parent=15723"}],"wp:term":[{"taxonomy":"product_brand","embeddable":true,"href":"https:\/\/vossgass.no\/en\/wp-json\/wp\/v2\/product_brand?post=15723"},{"taxonomy":"product_cat","embeddable":true,"href":"https:\/\/vossgass.no\/en\/wp-json\/wp\/v2\/product_cat?post=15723"},{"taxonomy":"product_tag","embeddable":true,"href":"https:\/\/vossgass.no\/en\/wp-json\/wp\/v2\/product_tag?post=15723"}],"curies":[{"name":"wp","href":"https:\/\/api.w.org\/{rel}","templated":true}]}}