{"id":15722,"date":"2025-04-15T18:03:56","date_gmt":"2025-04-15T16:03:56","guid":{"rendered":"https:\/\/vossgass.no\/produkt\/chemclean-1-kg-kraftig-basisk-vaskemiddel\/"},"modified":"2026-02-25T16:26:52","modified_gmt":"2026-02-25T15:26:52","slug":"chemclean-1-kg-kraftig-basisk-vaskemiddel","status":"publish","type":"product","link":"https:\/\/vossgass.no\/en\/product\/chemclean-1-kg-kraftig-basisk-vaskemiddel\/","title":{"rendered":"Chemclean 1 kg, kraftig basisk vaskemiddel."},"content":{"rendered":"","protected":false},"excerpt":{"rendered":"<p>Chemclean fra Chemisphere UK er et sv\u00e6rt effektivt alkalisk rengj\u00f8ringsmiddel som kan brukes b\u00e5de varmt og kaldt, og er mye brukt av bryggere til grovrengj\u00f8ring av bryggeapparater, gj\u00e6ringstanker, corneliusfat og lignende. Vaskemiddelet er effektivt p\u00e5 rustfritt st\u00e5l, myke metaller, plast og glass.<\/p>\n<p>Chemclean fjerner proteiner, flekker, karbon og fettsyrer, og gir utmerkede resultater i b\u00e5de hardt og mykt vann.<\/p>\n<p>Tilsvarer PBW, Craftclean og lignende alkaliske rengj\u00f8ringsprodukter<\/p>\n<p>Chemisphere UK er kjent som en pioner og markedsleder innen produksjon av profesjonelle rengj\u00f8ringsmidler, som spesialiserer seg p\u00e5 \u00e5 tilby bryggeri- og horeka-industrien med premium vaskemidler og tilbeh\u00f8r for en rekke anvendelser, inkludert oppvask, tappelinje-rengj\u00f8ring og kj\u00f8kkenhygiene. Deres omfattende utvalg kombinerer etablerte og p\u00e5litelige produkter med kraftige, siste generasjons rengj\u00f8ringsmidler, alle produsert med de fineste ingrediensene.<\/p>\n<p>Med en dedikasjon til teknisk ekspertise og kundeservice har Chemisphere UK bygget en sterk merkevarekjennskap og et godt rykte i bransjen. Selskapet st\u00e5r fast p\u00e5 sitt engasjement for innovasjon og h\u00f8ykvalitets l\u00f8sninger, alltid med fokus p\u00e5 b\u00e6rekraft og milj\u00f8ansvar.<\/p>\n<p>Bruksanvisning:<\/p>\n<p>Blandingsforhold: Oppl\u00f8s 50g Chemclean i 5 liter vann for manuell rengj\u00f8ring (skrubbing). 50g per 20 liter vann ved bl\u00f8tlegging. Doseringen kan \u00f8kes opptil 5% avhengig av smussforholdene.<br \/>\nFjern s\u00e5 mye l\u00f8s smuss som mulig ved \u00e5 skylle utstyr og beholdere f\u00f8r rengj\u00f8ring.<\/p>\n<p>Manuell rengj\u00f8ring: Skrubb alle overflater med rengj\u00f8ringsmidlet til alle overflater er rene.<br \/>\nSirkulasjonsrengj\u00f8ring: Bruk 50g per 20 liter vann for gj\u00e6ringskar, fat, tanker og annet utstyr. Sirkuler i 30 minutter ved opptil 60\u00b0C. Blandingsforhold og sirkulasjonstid kan m\u00e5tte justeres avhengig av smussmengden.<br \/>\nBl\u00f8tlegging: S\u00f8rg for at alt utstyr som skal rengj\u00f8res er fullstendig nedsenket. La det ligge i bl\u00f8t i 4 timer ved opptil 60\u00b0C, eller la det ligge i bl\u00f8t kaldt over natten. Skyll utstyret grundig etter rengj\u00f8ring. L\u00f8sningen kan gjenbrukes under rengj\u00f8ringsprosessen. Ikke bruk p\u00e5 Teflon-belagte overflater.<\/p>\n<p>Farevarsel:<\/p>\n<p>Link til sikkerhetsdatablad<\/p>","protected":false},"featured_media":17159,"comment_status":"open","ping_status":"closed","template":"","meta":[],"product_brand":[],"product_cat":[256,91],"product_tag":[],"class_list":{"0":"post-15722","1":"product","2":"type-product","3":"status-publish","4":"has-post-thumbnail","6":"product_cat-bryggeutstyr-heimabrygg","7":"product_cat-heimabrygg","9":"first","10":"instock","11":"taxable","12":"shipping-taxable","13":"purchasable","14":"product-type-simple"},"_links":{"self":[{"href":"https:\/\/vossgass.no\/en\/wp-json\/wp\/v2\/product\/15722","targetHints":{"allow":["GET"]}}],"collection":[{"href":"https:\/\/vossgass.no\/en\/wp-json\/wp\/v2\/product"}],"about":[{"href":"https:\/\/vossgass.no\/en\/wp-json\/wp\/v2\/types\/product"}],"replies":[{"embeddable":true,"href":"https:\/\/vossgass.no\/en\/wp-json\/wp\/v2\/comments?post=15722"}],"wp:featuredmedia":[{"embeddable":true,"href":"https:\/\/vossgass.no\/en\/wp-json\/wp\/v2\/media\/17159"}],"wp:attachment":[{"href":"https:\/\/vossgass.no\/en\/wp-json\/wp\/v2\/media?parent=15722"}],"wp:term":[{"taxonomy":"product_brand","embeddable":true,"href":"https:\/\/vossgass.no\/en\/wp-json\/wp\/v2\/product_brand?post=15722"},{"taxonomy":"product_cat","embeddable":true,"href":"https:\/\/vossgass.no\/en\/wp-json\/wp\/v2\/product_cat?post=15722"},{"taxonomy":"product_tag","embeddable":true,"href":"https:\/\/vossgass.no\/en\/wp-json\/wp\/v2\/product_tag?post=15722"}],"curies":[{"name":"wp","href":"https:\/\/api.w.org\/{rel}","templated":true}]}}