{"id":15721,"date":"2025-04-15T18:03:50","date_gmt":"2025-04-15T16:03:50","guid":{"rendered":"https:\/\/vossgass.no\/produkt\/chemsan-500ml-skummende-syreholdig-vaskemiddel\/"},"modified":"2026-04-17T14:28:39","modified_gmt":"2026-04-17T12:28:39","slug":"chemsan-500ml-skummende-syreholdig-vaskemiddel","status":"publish","type":"product","link":"https:\/\/vossgass.no\/en\/product\/chemsan-500ml-skummende-syreholdig-vaskemiddel\/","title":{"rendered":"Chemsan 500ml, skummende syreholdig vaskemiddel"},"content":{"rendered":"","protected":false},"excerpt":{"rendered":"<p>Chemsan fra Chemisphere UK er et h\u00f8ytskummende syrebasert skyllemiddel som alle bryggere m\u00e5 ha tilgjengelig p\u00e5 bryggerommet sitt!<br \/>\nChemsan er en blanding av fosforsyre, benzensulfonsyre og isopropanol, og fungerer ypperlig til rengj\u00f8ring av bryggeutstyr f\u00f8r bruk ved gj\u00e6ring, flasking, tapping og lignende.<\/p>\n<p>Tilsvarer Star San, Craftsan og lignende syrebaserte produkter<\/p>\n<p>Chemisphere UK er kjent som en pioner og markedsleder innen produksjon av profesjonelle rengj\u00f8ringsmidler, som spesialiserer seg p\u00e5 \u00e5 tilby bryggeri- og horeka-industrien med premium vaskemidler og tilbeh\u00f8r for en rekke anvendelser, inkludert oppvask, tappelinje-rengj\u00f8ring og kj\u00f8kkenhygiene. Deres omfattende utvalg kombinerer etablerte og p\u00e5litelige produkter med kraftige, siste generasjons rengj\u00f8ringsmidler, alle produsert med de fineste ingrediensene.<\/p>\n<p>Med en dedikasjon til teknisk ekspertise og kundeservice har Chemisphere UK bygget en sterk merkevarekjennskap og et godt rykte i bransjen. Selskapet st\u00e5r fast p\u00e5 sitt engasjement for innovasjon og h\u00f8ykvalitets l\u00f8sninger, alltid med fokus p\u00e5 b\u00e6rekraft og milj\u00f8ansvar.<\/p>\n<p>Bruksanvisning:<\/p>\n<p>Blandingsforhold: Bland ut 10ml Chemsan i 5 liter vann for 0,2% utblanding. H\u00f8yere konsentrasjoner vil kreve grundig skylling. Alle overflater b\u00f8r grovrengj\u00f8res og skylles p\u00e5 forh\u00e5nd f\u00f8r bruk av Chemsan. Chemsan skal ha en minimum kontakttid p\u00e5 2 minutter. Kjemikaliet b\u00f8r opprettholde en pH p\u00e5 3,5 eller lavere for \u00e5 sikre effektiv rengj\u00f8ring. Chemsan kan bli uklar n\u00e5r det er fortynnet med hardt vann, men vil fortsatt v\u00e6re effektivt s\u00e5 lenge pH-verdien er 3,5 eller mindre.<\/p>\n<p>Rengj\u00f8r alle skitne overflater med et egnet rengj\u00f8ringsmiddel som f.eks Chemclean, skyll deretter godt f\u00f8r bruk av Chemsan. P\u00e5f\u00f8r ferdig utblandet Chemsan p\u00e5 overflater med klut, mopp, b\u00f8rste, svamp, spray eller ved nedsenking. S\u00f8rg for at overflatene forblir v\u00e5te i minst to minutter, deretter la det luftt\u00f8rke. Ingen skylling er n\u00f8dvendig etter bruk av Chemsan, med mindre man har brukt en h\u00f8yere konsentrasjon. Grunnet produktets syreholdige natur, anbefales det ikke p\u00e5 myke metaller.<\/p>\n<p>Farevarsel:<\/p>\n<p>Link til sikkerhetsdatablad<\/p>","protected":false},"featured_media":17158,"comment_status":"open","ping_status":"closed","template":"","meta":[],"product_brand":[],"product_cat":[256,91],"product_tag":[],"class_list":{"0":"post-15721","1":"product","2":"type-product","3":"status-publish","4":"has-post-thumbnail","6":"product_cat-bryggeutstyr-heimabrygg","7":"product_cat-heimabrygg","9":"first","10":"instock","11":"taxable","12":"shipping-taxable","13":"purchasable","14":"product-type-simple"},"_links":{"self":[{"href":"https:\/\/vossgass.no\/en\/wp-json\/wp\/v2\/product\/15721","targetHints":{"allow":["GET"]}}],"collection":[{"href":"https:\/\/vossgass.no\/en\/wp-json\/wp\/v2\/product"}],"about":[{"href":"https:\/\/vossgass.no\/en\/wp-json\/wp\/v2\/types\/product"}],"replies":[{"embeddable":true,"href":"https:\/\/vossgass.no\/en\/wp-json\/wp\/v2\/comments?post=15721"}],"wp:featuredmedia":[{"embeddable":true,"href":"https:\/\/vossgass.no\/en\/wp-json\/wp\/v2\/media\/17158"}],"wp:attachment":[{"href":"https:\/\/vossgass.no\/en\/wp-json\/wp\/v2\/media?parent=15721"}],"wp:term":[{"taxonomy":"product_brand","embeddable":true,"href":"https:\/\/vossgass.no\/en\/wp-json\/wp\/v2\/product_brand?post=15721"},{"taxonomy":"product_cat","embeddable":true,"href":"https:\/\/vossgass.no\/en\/wp-json\/wp\/v2\/product_cat?post=15721"},{"taxonomy":"product_tag","embeddable":true,"href":"https:\/\/vossgass.no\/en\/wp-json\/wp\/v2\/product_tag?post=15721"}],"curies":[{"name":"wp","href":"https:\/\/api.w.org\/{rel}","templated":true}]}}